{"id":16307,"date":"2020-11-04T14:37:41","date_gmt":"2020-11-04T14:37:41","guid":{"rendered":"http:\/\/www.zac-tranz.com\/fleet-management-safety\/"},"modified":"2021-03-11T08:19:10","modified_gmt":"2021-03-11T08:19:10","slug":"fleet-management-safety","status":"publish","type":"page","link":"https:\/\/omchosting.com\/dev\/zactranz-old\/fleet-management-safety\/?lang=fr","title":{"rendered":"Gestion de flotte"},"content":{"rendered":"<p>[vc_row full_width=&#8221;stretch_row_content&#8221; gap=&#8221;0&#8243; css=&#8221;.vc_custom_1606820036568{padding-top: 120px !important;}&#8221;][vc_column width=&#8221;1\/6&#8243;][\/vc_column][vc_column width=&#8221;2\/3&#8243;][vc_custom_heading text=&#8221;Gestion de flotte et s\u00e9curit\u00e9&#8221; font_container=&#8221;tag:h3|font_size:30px|text_align:left|line_height:56px&#8221; use_theme_fonts=&#8221;yes&#8221; el_class=&#8221;letter-spacing-50 feature-title&#8221; css=&#8221;.vc_custom_1615449993888{margin-bottom: 0px !important;}&#8221;]<div class=\"gap et-clearfix \" style=\"height:32px\"><\/div>[vc_column_text css=&#8221;.vc_custom_1615450175012{padding-right: 1px !important;}&#8221; el_class=&#8221;feature-text-left&#8221;]Il y a beaucoup de pi\u00e8ces mobiles auxquelles il faut penser en mati\u00e8re de gestion de flotte. Notre r\u00e8gle est simple, d&#8217;y arriver en toute s\u00e9curit\u00e9 et rapidement.<\/p>\n<p>L&#8217;\u00e9quipe de professionnels de Zac-Tranz a \u00e9t\u00e9 construite pour la s\u00e9curit\u00e9 o\u00f9 l&#8217;importance d&#8217;\u00e9liminer les distractions, en utilisant les journaux de voyage, en marquant les arriv\u00e9es et les d\u00e9parts \u00e0 destination tout en suivant des horaires serr\u00e9s.<\/p>\n<p>Dans le monde d\u2019aujourd\u2019hui, les donn\u00e9es et l\u2019analyse sont des outils cruciaux et il est de la plus haute importance de maximiser l\u2019efficacit\u00e9 de nos op\u00e9rateurs, de r\u00e9duire les co\u00fbts d\u2019exploitation et de reconna\u00eetre les principaux conducteurs.<\/p>\n<p>Le mandat canadien de dispositif de consignation \u00e9lectronique (ELD) ne sera mis en \u0153uvre qu&#8217;en juin 2021, tandis que Zac-Tranz a volontairement adopt\u00e9 le dispositif de consignation \u00e9lectronique depuis 2018 avec un transporteur 100% conforme aux heures de service avec une note satisfaisante.<\/p>\n<p>Zac-Tranz propose des programmes de formation des conducteurs obligatoires, des r\u00e9unions trimestrielles sur la s\u00e9curit\u00e9 des conducteurs et un programme d&#8217;incitation \u00e0 la s\u00e9curit\u00e9 en place pour encourager et diffuser des habitudes de s\u00e9curit\u00e9.<\/p>\n<p>Efficacit\u00e9 Zac-Trans;[\/vc_column_text]<ul class=\"et-list-icon full medium\"><li style=\"margin-bottom:24px;\"><div class=\"icon-wrap\"><div class=\"icon medium\" style=\"color:#fd8c40;box-shadow:inset 0 0 0 3px #fd8c40;border-radius:100px;\"><span class=\"medium fa fa-check\"><\/span><\/div><\/div><div>Surveiller notre flotte, (chauffeur, vitesse, emplacement, travail et m\u00e9t\u00e9o).<\/div><\/li><li style=\"margin-bottom:24px;\"><div class=\"icon-wrap\"><div class=\"icon medium\" style=\"color:#fd8c40;box-shadow:inset 0 0 0 3px #fd8c40;border-radius:100px;\"><span class=\"medium fa fa-check\"><\/span><\/div><\/div><div>Rationalisez la r\u00e9partition (planification, notifications automatiques, \u00e9tat des appels &#8211; dur\u00e9e des kilom\u00e9trage et temps de conduite).<\/div><\/li><li style=\"margin-bottom:24px;\"><div class=\"icon-wrap\"><div class=\"icon medium\" style=\"color:#fd8c40;box-shadow:inset 0 0 0 3px #fd8c40;border-radius:100px;\"><span class=\"medium fa fa-check\"><\/span><\/div><\/div><div>Journaux de bord, (capture de donn\u00e9es, journaux complets).<\/div><\/li><li style=\"margin-bottom:24px;\"><div class=\"icon-wrap\"><div class=\"icon medium\" style=\"color:#fd8c40;box-shadow:inset 0 0 0 3px #fd8c40;border-radius:100px;\"><span class=\"medium fa fa-check\"><\/span><\/div><\/div><div>Rapports analytiques (diagnostics qui nous permettent de capturer des informations pr\u00e9cieuses sur l&#8217;efficacit\u00e9 du conducteur).<\/div><\/li><li style=\"margin-bottom:24px;\"><div class=\"icon-wrap\"><div class=\"icon medium\" style=\"color:#fd8c40;box-shadow:inset 0 0 0 3px #fd8c40;border-radius:100px;\"><span class=\"medium fa fa-check\"><\/span><\/div><\/div><div>Programmes de maintenance programm\u00e9e.<\/div><\/li><li style=\"margin-bottom:24px;\"><div class=\"icon-wrap\"><div class=\"icon medium\" style=\"color:#fd8c40;box-shadow:inset 0 0 0 3px #fd8c40;border-radius:100px;\"><span class=\"medium fa fa-check\"><\/span><\/div><\/div><div>Suivi en temps r\u00e9el.<\/div><\/li><li style=\"margin-bottom:24px;\"><div class=\"icon-wrap\"><div class=\"icon medium\" style=\"color:#fd8c40;box-shadow:inset 0 0 0 3px #fd8c40;border-radius:100px;\"><span class=\"medium fa fa-check\"><\/span><\/div><\/div><div>Utiliser l&#8217;itin\u00e9raire le plus efficace pour r\u00e9duire les temps morts et acc\u00e9l\u00e9rer les livraisons.<\/div><\/li><\/ul><div class=\"gap et-clearfix \" style=\"height:32px\"><\/div>[vc_column_text css=&#8221;.vc_custom_1615450337533{padding-right: 1px !important;}&#8221; el_class=&#8221;feature-text-left&#8221;]<\/p>\n<p style=\"font-size: 18px; line-height: 32px;\">L&#8217;utilisation efficace des syst\u00e8mes de gestion de flotte appropri\u00e9s permet \u00e0 Zac-Tranz d&#8217;aller au-del\u00e0 de la s\u00e9curit\u00e9 avec une \u00e9quipe plus efficace et des camions fiables qui ont permis de r\u00e9aliser des \u00e9conomies.<\/p>\n<p>Nous avons vu les avantages directement.[\/vc_column_text]<ul class=\"et-list-icon full medium\"><li style=\"margin-bottom:24px;\"><div class=\"icon-wrap\"><div class=\"icon medium\" style=\"color:#fd8c40;box-shadow:inset 0 0 0 3px #fd8c40;border-radius:100px;\"><span class=\"medium fa fa-check\"><\/span><\/div><\/div><div>Nous avons am\u00e9lior\u00e9 la s\u00e9curit\u00e9 et la satisfaction de nos conducteurs.<\/div><\/li><li style=\"margin-bottom:24px;\"><div class=\"icon-wrap\"><div class=\"icon medium\" style=\"color:#fd8c40;box-shadow:inset 0 0 0 3px #fd8c40;border-radius:100px;\"><span class=\"medium fa fa-check\"><\/span><\/div><\/div><div>Nous avons \u00e9galement am\u00e9lior\u00e9 la fid\u00e9lisation des clients simplement en \u00e9vitant les retards, les renseignements erron\u00e9s et les pannes.<\/div><\/li><li style=\"margin-bottom:24px;\"><div class=\"icon-wrap\"><div class=\"icon medium\" style=\"color:#fd8c40;box-shadow:inset 0 0 0 3px #fd8c40;border-radius:100px;\"><span class=\"medium fa fa-check\"><\/span><\/div><\/div><div>Nos v\u00e9hicules durent plus longtemps et ont une meilleure valeur de revente.<\/div><\/li><li style=\"margin-bottom:24px;\"><div class=\"icon-wrap\"><div class=\"icon medium\" style=\"color:#fd8c40;box-shadow:inset 0 0 0 3px #fd8c40;border-radius:100px;\"><span class=\"medium fa fa-check\"><\/span><\/div><\/div><div>Les co\u00fbts de r\u00e9paration et la consommation de carburant ont consid\u00e9rablement diminu\u00e9e.<\/div><\/li><li style=\"margin-bottom:24px;\"><div class=\"icon-wrap\"><div class=\"icon medium\" style=\"color:#fd8c40;box-shadow:inset 0 0 0 3px #fd8c40;border-radius:100px;\"><span class=\"medium fa fa-check\"><\/span><\/div><\/div><div>La fr\u00e9quence des inspections a \u00e9t\u00e9 augment\u00e9e.<\/div><\/li><\/ul><div class=\"gap et-clearfix hide1024 hide767\" style=\"height:72px\"><\/div><div class=\"gap et-clearfix hide768\" style=\"height:40px\"><\/div>[\/vc_column][vc_column width=&#8221;1\/6&#8243;][\/vc_column][vc_column]<div class=\"et-plain-gallery-wrapper\"><div id=\"plain-gallery-1\" data-columns=\"5\" class=\"plain-gallery loop-gallery owl-carousel effect-type-sequential effect-none overlay-none et-item-set et-clearfix\"><div class=\"et-item gallery\"><div class=\"et-item-inner et-clearfix\"><div class=\"overlay-hover\"><div class=\"image-container\"><img width=\"1200\" height=\"800\" src=\"https:\/\/omchosting.com\/dev\/zactranz-old\/wp-content\/uploads\/2020\/12\/fleetmanagement1.jpg\" alt=\"Professional Automotive Caucasian Mechanic Repair Semi Truck Diesel Engine Close Up.\"><\/div><\/div><\/div><\/div><div class=\"et-item gallery\"><div class=\"et-item-inner et-clearfix\"><div class=\"overlay-hover\"><div class=\"image-container\"><img width=\"1200\" height=\"800\" src=\"https:\/\/omchosting.com\/dev\/zactranz-old\/wp-content\/uploads\/2020\/12\/trucker-making-tire-check-PK6G34P.jpg\" alt=\"Professional Automotive Caucasian Mechanic Repair Semi Truck Diesel Engine Close Up.\"><\/div><\/div><\/div><\/div><div class=\"et-item gallery\"><div class=\"et-item-inner et-clearfix\"><div class=\"overlay-hover\"><div class=\"image-container\"><img width=\"1200\" height=\"800\" src=\"https:\/\/omchosting.com\/dev\/zactranz-old\/wp-content\/uploads\/2020\/12\/female_forklift.jpg\" alt=\"\"><\/div><\/div><\/div><\/div><div class=\"et-item gallery\"><div class=\"et-item-inner et-clearfix\"><div class=\"overlay-hover\"><div class=\"image-container\"><img width=\"1200\" height=\"800\" src=\"https:\/\/omchosting.com\/dev\/zactranz-old\/wp-content\/uploads\/2021\/02\/Fleetmanagementwhite.jpg\" alt=\"\"><\/div><\/div><\/div><\/div><div class=\"et-item gallery\"><div class=\"et-item-inner et-clearfix\"><div class=\"overlay-hover\"><div class=\"image-container\"><img width=\"1200\" height=\"800\" src=\"https:\/\/omchosting.com\/dev\/zactranz-old\/wp-content\/uploads\/2020\/12\/mechanic-repair-semi-truck-diesel-engine-45Z8SDR.jpeg\" alt=\"Professional Automotive Caucasian Mechanic Repair Semi Truck Diesel Engine Close Up.\"><\/div><\/div><\/div><\/div><div class=\"et-item gallery\"><div class=\"et-item-inner et-clearfix\"><div class=\"overlay-hover\"><div class=\"image-container\"><img width=\"1200\" height=\"800\" src=\"https:\/\/omchosting.com\/dev\/zactranz-old\/wp-content\/uploads\/2020\/12\/fleetmanagement2.jpg\" alt=\"Professional Automotive Caucasian Mechanic Repair Semi Truck Diesel Engine Close Up.\"><\/div><\/div><\/div><\/div><div class=\"et-item gallery\"><div class=\"et-item-inner et-clearfix\"><div class=\"overlay-hover\"><div class=\"image-container\"><img width=\"1200\" height=\"800\" src=\"https:\/\/omchosting.com\/dev\/zactranz-old\/wp-content\/uploads\/2020\/12\/man-worker-forklift-driver-with-protective-mask-wo-PYMNFD3v2.jpg\" alt=\"\"><\/div><\/div><\/div><\/div><div class=\"et-item gallery\"><div class=\"et-item-inner et-clearfix\"><div class=\"overlay-hover\"><div class=\"image-container\"><img width=\"1200\" height=\"800\" src=\"https:\/\/omchosting.com\/dev\/zactranz-old\/wp-content\/uploads\/2020\/12\/truck-service-technician-job-P4BBS8B.jpg\" alt=\"Professional Automotive Caucasian Mechanic Repair Semi Truck Diesel Engine Close Up.\"><\/div><\/div><\/div><\/div><\/div><\/div>[\/vc_column][\/vc_row][vc_row full_width=&#8221;stretch_row_content&#8221; gap=&#8221;0&#8243; css=&#8221;.vc_custom_1606808993891{padding-top: 1% !important;padding-right: 3% !important;padding-bottom: 1.7% !important;padding-left: 3% !important;background-color: #000000 !important;}&#8221; el_class=&#8221;quoteformsection&#8221;][vc_column][vc_custom_heading text=&#8221;Zac-Tranz offre un service inspir\u00e9 par la s\u00e9curit\u00e9&#8221; font_container=&#8221;tag:h3|font_size:30px|text_align:center|color:%23ff801d|line_height:56px&#8221; use_theme_fonts=&#8221;yes&#8221; el_class=&#8221;letter-spacing-50 feature-title&#8221; css=&#8221;.vc_custom_1615450713932{margin-bottom: -20px !important;}&#8221;][vc_custom_heading text=&#8221;Int\u00e9ress\u00e9 d\u2019obtenir un devis ?&#8221; font_container=&#8221;tag:h3|font_size:30px|text_align:center|color:%23ffffff|line_height:56px&#8221; use_theme_fonts=&#8221;yes&#8221; el_class=&#8221;letter-spacing-50 feature-title&#8221; css=&#8221;.vc_custom_1615450723732{margin-bottom: 0px !important;}&#8221;]<div class=\"gap et-clearfix \" style=\"height:10px\"><\/div>[vc_column_text el_class=&#8221;feature-text-left&#8221; css=&#8221;.vc_custom_1615450742529{margin-bottom: -15px !important;}&#8221;]<\/p>\n<p style=\"font-weight: 400; text-align: center; color: white;\">Remplissez les informations ci-dessous et nous vous contacterons pendant les heures ouvrables normales avec un devis.<\/p>\n<p>[\/vc_column_text]<div role=\"form\" class=\"wpcf7\" id=\"wpcf7-f15905-o1\" lang=\"en-US\" dir=\"ltr\">\n<div class=\"screen-reader-response\" aria-live=\"polite\"><\/div>\n<form action=\"\/dev\/zactranz-old\/wp-json\/wp\/v2\/pages\/16307#wpcf7-f15905-o1\" method=\"post\" class=\"wpcf7-form\" novalidate=\"novalidate\">\n<div style=\"display: none;\">\n<input type=\"hidden\" name=\"_wpcf7\" value=\"15905\" \/>\n<input type=\"hidden\" name=\"_wpcf7_version\" value=\"5.1.9\" \/>\n<input type=\"hidden\" name=\"_wpcf7_locale\" value=\"en_US\" \/>\n<input type=\"hidden\" name=\"_wpcf7_unit_tag\" value=\"wpcf7-f15905-o1\" \/>\n<input type=\"hidden\" name=\"_wpcf7_container_post\" value=\"0\" \/>\n<\/div>\n<div class=\"inline-row et-clearfix\" style=\"margin:0px;\"><br \/>\n<div class=\"inline-column et-clearfix\" style=\"width:16.66%; padding:0px 5px;\"><br \/>\n<label>Pr\u00e9nom*<br \/>\n<span class=\"wpcf7-form-control-wrap client-fname\"><input type=\"text\" name=\"client-fname\" value=\"\" size=\"40\" class=\"wpcf7-form-control wpcf7-text wpcf7-validates-as-required\" aria-required=\"true\" aria-invalid=\"false\" \/><\/span><\/label><\/div>\n<div class=\"inline-column et-clearfix\" style=\"width:16.66%; padding:0px 5px;\"><br \/>\n<label>Nom de famille*<br \/>\n<span class=\"wpcf7-form-control-wrap client-lname\"><input type=\"text\" name=\"client-lname\" value=\"\" size=\"40\" class=\"wpcf7-form-control wpcf7-text wpcf7-validates-as-required\" aria-required=\"true\" aria-invalid=\"false\" \/><\/span><\/label><\/div>\n<div class=\"inline-column et-clearfix\" style=\"width:16.66%; padding:0px 5px;\"><br \/>\n<label>Nom de la compagnie*<br \/>\n<span class=\"wpcf7-form-control-wrap comapnay-name\"><input type=\"text\" name=\"comapnay-name\" value=\"\" size=\"40\" class=\"wpcf7-form-control wpcf7-text wpcf7-validates-as-required\" aria-required=\"true\" aria-invalid=\"false\" \/><\/span><\/label><\/div>\n<div class=\"inline-column et-clearfix\" style=\"width:16.66%; padding:0px 5px;\"><br \/>\n<label>Courriel*<br \/>\n<span class=\"wpcf7-form-control-wrap client-email\"><input type=\"email\" name=\"client-email\" value=\"\" size=\"40\" class=\"wpcf7-form-control wpcf7-text wpcf7-email wpcf7-validates-as-email\" aria-invalid=\"false\" \/><\/span><\/label><\/div>\n<div class=\"inline-column et-clearfix\" style=\"width:16.66%; padding:0px 5px;\"><br \/>\n<label>T\u00e9l\u00e9phone*<br \/>\n<span class=\"wpcf7-form-control-wrap tel-226\"><input type=\"tel\" name=\"tel-226\" value=\"\" size=\"40\" class=\"wpcf7-form-control wpcf7-text wpcf7-tel wpcf7-validates-as-required wpcf7-validates-as-tel\" aria-required=\"true\" aria-invalid=\"false\" \/><\/span><\/label><\/div>\n<div class=\"inline-column et-clearfix\" style=\"width:16.66%; padding:0px 5px;\"><br \/>\n<label>Code postal \/ ZIP<br \/>\n<span class=\"wpcf7-form-control-wrap client-postalcodep\"><input type=\"text\" name=\"client-postalcodep\" value=\"\" size=\"40\" class=\"wpcf7-form-control wpcf7-text\" aria-invalid=\"false\" \/><\/span><\/label><\/div>\n<div class=\"inline-column et-clearfix\" style=\"width:16.66%; padding:0px 5px;\"><br \/>\n<label>Services s\u00e9lectionn\u00e9s<br \/>\n<span class=\"wpcf7-form-control-wrap servjices-requested\"><select name=\"servjices-requested\" class=\"wpcf7-form-control wpcf7-select\" aria-invalid=\"false\"><option value=\"factage et transbordement\">factage et transbordement<\/option><option value=\"Intermodal\">Intermodal<\/option><option value=\"Autoroute\">Autoroute<\/option><option value=\"Transfrontalier\">Transfrontalier<\/option><option value=\"Entreposage et distribution\">Entreposage et distribution<\/option><option value=\"Logistique mondiale\">Logistique mondiale<\/option><\/select><\/span><\/label><\/div>\n<div class=\"inline-column et-clearfix\" style=\"width:83.34%; padding:0px 5px;\"><br \/>\n<label>Laissez-nous un message<br \/>\n<span class=\"wpcf7-form-control-wrap text-494\"><input type=\"text\" name=\"text-494\" value=\"\" size=\"40\" class=\"wpcf7-form-control wpcf7-text\" aria-invalid=\"false\" \/><\/span><\/label><\/div>\n<div class=\"inline-column et-clearfix\" style=\"width:100%; padding:0px;\"><center><input type=\"submit\" value=\"Envoyer\" class=\"wpcf7-form-control wpcf7-submit\" \/><\/center><\/div><\/div>\n<div class=\"wpcf7-response-output wpcf7-display-none\" aria-hidden=\"true\"><\/div><\/form><\/div>[\/vc_column][\/vc_row]<\/p>\n","protected":false},"excerpt":{"rendered":"<p>Leverage agile frameworks to provide a robust synopsis for high level overviews. Iterative approaches to corporate strategy foster collaborative thinking to further the overall value proposition. Organically grow the holistic world view of disruptive innovation via workplace diversity and empowerment.<\/p>\n","protected":false},"author":1,"featured_media":0,"parent":0,"menu_order":0,"comment_status":"closed","ping_status":"closed","template":"page-vc.php","meta":{"inline_featured_image":false},"_links":{"self":[{"href":"https:\/\/omchosting.com\/dev\/zactranz-old\/wp-json\/wp\/v2\/pages\/16307"}],"collection":[{"href":"https:\/\/omchosting.com\/dev\/zactranz-old\/wp-json\/wp\/v2\/pages"}],"about":[{"href":"https:\/\/omchosting.com\/dev\/zactranz-old\/wp-json\/wp\/v2\/types\/page"}],"author":[{"embeddable":true,"href":"https:\/\/omchosting.com\/dev\/zactranz-old\/wp-json\/wp\/v2\/users\/1"}],"replies":[{"embeddable":true,"href":"https:\/\/omchosting.com\/dev\/zactranz-old\/wp-json\/wp\/v2\/comments?post=16307"}],"version-history":[{"count":4,"href":"https:\/\/omchosting.com\/dev\/zactranz-old\/wp-json\/wp\/v2\/pages\/16307\/revisions"}],"predecessor-version":[{"id":16332,"href":"https:\/\/omchosting.com\/dev\/zactranz-old\/wp-json\/wp\/v2\/pages\/16307\/revisions\/16332"}],"wp:attachment":[{"href":"https:\/\/omchosting.com\/dev\/zactranz-old\/wp-json\/wp\/v2\/media?parent=16307"}],"curies":[{"name":"wp","href":"https:\/\/api.w.org\/{rel}","templated":true}]}}