{"id":16291,"date":"2020-10-30T15:20:59","date_gmt":"2020-10-30T15:20:59","guid":{"rendered":"http:\/\/www.zac-tranz.com\/destuffing\/"},"modified":"2021-03-11T11:33:55","modified_gmt":"2021-03-11T11:33:55","slug":"destuffing","status":"publish","type":"page","link":"https:\/\/omchosting.com\/dev\/zactranz-old\/destuffing\/?lang=fr","title":{"rendered":"Transport surdimensionn\u00e9"},"content":{"rendered":"<p>[vc_row css=&#8221;.vc_custom_1606300054621{padding-top: 120px !important;padding-bottom: 30px !important;}&#8221;][vc_column width=&#8221;1\/6&#8243;][\/vc_column][vc_column width=&#8221;2\/3&#8243;][vc_custom_heading text=&#8221;Transport surdimensionn\u00e9<br \/>\nD\u00e9potage &#8211; Transbordement<br \/>\nBlocage et contreventement &#8211; Mise en caisse&#8221; font_container=&#8221;tag:h3|font_size:30px|text_align:left|line_height:56px&#8221; use_theme_fonts=&#8221;yes&#8221; el_class=&#8221;letter-spacing-50 feature-title&#8221; css=&#8221;.vc_custom_1615456891985{margin-bottom: 0px !important;}&#8221;]<div class=\"gap et-clearfix \" style=\"height:32px\"><\/div>[vc_column_text el_class=&#8221;feature-text-left&#8221;]Avec une exp\u00e9rience in\u00e9gal\u00e9e dans le service de transbordement pour le transport de marchandises sur plusieurs modes de transport. Zac-Tranz sert un large \u00e9ventail de clients, des exp\u00e9diteurs aux fabricants, des producteurs aux transformateurs.<\/p>\n<p>Le transport d&#8217;\u00e9quipement lourd est l&#8217;une de nos sp\u00e9cialit\u00e9s, la manutention de ce type de cargaison est d\u00e9finitivement un d\u00e9fi \u00e0 charger et n\u00e9cessite un \u00e9quipement et un gr\u00e9ement sp\u00e9ciaux. Nous reconnaissons que cet \u00e9quipement est co\u00fbteux, nous utilisons donc la plus grande s\u00fbret\u00e9 et s\u00e9curit\u00e9<\/p>\n<p>Notre objectif, faire transborder votre cargaison, \u00e0 l&#8217;ext\u00e9rieur de la porte et en route vers votre emplacement, rapidement, efficacement et en toute s\u00e9curit\u00e9. Nous viserons \u00e0 trouver une solution personnalis\u00e9e qui vous aidera avec vos r\u00e9sultats, mais augmentera \u00e9galement la flexibilit\u00e9 de votre cha\u00eene d&#8217;approvisionnement afin que vous puissiez r\u00e9pondre aux demandes de votre march\u00e9.<\/p>\n<p>Le stockage de transbordement est \u00e9galement disponible (installation enregistr\u00e9e par la FDA, installation approuv\u00e9e par l&#8217;inspection de la FDA).<\/p>\n<p>Le transport d&#8217;\u00e9quipement lourd, c&#8217;est ce que nous faisons depuis plus de 24 ans, c&#8217;est notre sp\u00e9cialit\u00e9. Nous savons que ce type d&#8217;\u00e9quipement est co\u00fbteux, lourd et difficile \u00e0 charger. La manipulation de ce type de machinerie est ce que nous faisons de mieux. Nos transporteurs ont un \u00e9quipement et un gr\u00e9ement sp\u00e9ciaux pour le g\u00e9rer avec la plus grande s\u00fbret\u00e9 et s\u00e9curit\u00e9 \u00e0 l&#8217;esprit. Nous n&#8217;attendons que la perfection de notre r\u00e9seau de transporteurs. Nous nous engageons \u00e0 offrir un service de premier ordre \u00e0 nos clients.<\/p>\n<p>Permettez \u00e0 notre \u00e9quipe d&#8217;experts de vous orienter vers les m\u00e9thodes d&#8217;exp\u00e9dition qui achemineront votre chargement l\u00e0 o\u00f9 il doit \u00eatre, Kaiser minimisera le temps, l&#8217;\u00e9nergie et les tracas pour vous. Nous esp\u00e9rons que vous faites confiance \u00e0 Kaiser pour le transport de votre \u00e9quipement lourd.[\/vc_column_text]<ul class=\"et-list-icon full medium\"><li style=\"margin-bottom:24px;\"><div class=\"icon-wrap\"><div class=\"icon medium\" style=\"color:#fd8c40;box-shadow:inset 0 0 0 3px #fd8c40;border-radius:100px;\"><span class=\"medium fa fa-check\"><\/span><\/div><\/div><div>La palettisation est disponible quel que soit le type de cargaison que vous devez exp\u00e9dier. Nous offrons un service de la plus haute qualit\u00e9 en mati\u00e8re de mise sous film r\u00e9tractable et de palettisation.<\/div><\/li><li style=\"margin-bottom:24px;\"><div class=\"icon-wrap\"><div class=\"icon medium\" style=\"color:#fd8c40;box-shadow:inset 0 0 0 3px #fd8c40;border-radius:100px;\"><span class=\"medium fa fa-check\"><\/span><\/div><\/div><div>Transport international rapide et efficace d&#8217;exp\u00e9ditions palettis\u00e9es, de vrac, de FCL, de LCL, de cargaison en caisse, de conteneurs, de charges multi-pi\u00e8ces et surdimensionn\u00e9es.<\/div><\/li><li style=\"margin-bottom:24px;\"><div class=\"icon-wrap\"><div class=\"icon medium\" style=\"color:#fd8c40;box-shadow:inset 0 0 0 3px #fd8c40;border-radius:100px;\"><span class=\"medium fa fa-check\"><\/span><\/div><\/div><div>Projet de cargaison \/ transport lourd.<\/div><\/li><li style=\"margin-bottom:24px;\"><div class=\"icon-wrap\"><div class=\"icon medium\" style=\"color:#fd8c40;box-shadow:inset 0 0 0 3px #fd8c40;border-radius:100px;\"><span class=\"medium fa fa-check\"><\/span><\/div><\/div><div>Gestion et contr\u00f4le des exp\u00e9ditions triangulaires.<\/div><\/li><li style=\"margin-bottom:24px;\"><div class=\"icon-wrap\"><div class=\"icon medium\" style=\"color:#fd8c40;box-shadow:inset 0 0 0 3px #fd8c40;border-radius:100px;\"><span class=\"medium fa fa-check\"><\/span><\/div><\/div><div>Suivi d\u00e9taill\u00e9 et surveillance de la cargaison.<\/div><\/li><li style=\"margin-bottom:24px;\"><div class=\"icon-wrap\"><div class=\"icon medium\" style=\"color:#fd8c40;box-shadow:inset 0 0 0 3px #fd8c40;border-radius:100px;\"><span class=\"medium fa fa-check\"><\/span><\/div><\/div><div>Affr\u00e8tement de navires, \u00e9valuations des risques, planification et plus encore, enqu\u00eates sur le fret maritime<\/div><\/li><li style=\"margin-bottom:24px;\"><div class=\"icon-wrap\"><div class=\"icon medium\" style=\"color:#fd8c40;box-shadow:inset 0 0 0 3px #fd8c40;border-radius:100px;\"><span class=\"medium fa fa-check\"><\/span><\/div><\/div><div>Services de courtage en douane.<\/div><\/li><li style=\"margin-bottom:24px;\"><div class=\"icon-wrap\"><div class=\"icon medium\" style=\"color:#fd8c40;box-shadow:inset 0 0 0 3px #fd8c40;border-radius:100px;\"><span class=\"medium fa fa-check\"><\/span><\/div><\/div><div>Certifi\u00e9 HAZMAT.<\/div><\/li><\/ul>[\/vc_column][vc_column width=&#8221;1\/6&#8243;][\/vc_column][\/vc_row][vc_row full_width=&#8221;stretch_row_content&#8221; gap=&#8221;0&#8243;][vc_column]<div class=\"et-plain-gallery-wrapper\"><div id=\"plain-gallery-1\" data-columns=\"5\" class=\"plain-gallery loop-gallery owl-carousel effect-type-sequential effect-none overlay-none et-item-set et-clearfix\"><div class=\"et-item gallery\"><div class=\"et-item-inner et-clearfix\"><div class=\"overlay-hover\"><div class=\"image-container\"><img width=\"1200\" height=\"800\" src=\"https:\/\/omchosting.com\/dev\/zactranz-old\/wp-content\/uploads\/2020\/12\/IMG_5120.jpg\" alt=\"\"><\/div><\/div><\/div><\/div><div class=\"et-item gallery\"><div class=\"et-item-inner et-clearfix\"><div class=\"overlay-hover\"><div class=\"image-container\"><img width=\"1200\" height=\"800\" src=\"https:\/\/omchosting.com\/dev\/zactranz-old\/wp-content\/uploads\/2020\/11\/man-pulling-pallet-in-warehouse-PTPBG2X.jpg\" alt=\"\"><\/div><\/div><\/div><\/div><div class=\"et-item gallery\"><div class=\"et-item-inner et-clearfix\"><div class=\"overlay-hover\"><div class=\"image-container\"><img width=\"1200\" height=\"800\" src=\"https:\/\/omchosting.com\/dev\/zactranz-old\/wp-content\/uploads\/2020\/11\/store-the-packages-of-products-PU7NV9Y.jpg\" alt=\"\"><\/div><\/div><\/div><\/div><div class=\"et-item gallery\"><div class=\"et-item-inner et-clearfix\"><div class=\"overlay-hover\"><div class=\"image-container\"><img width=\"1200\" height=\"800\" src=\"https:\/\/omchosting.com\/dev\/zactranz-old\/wp-content\/uploads\/2020\/12\/20170116_134256.jpg\" alt=\"\"><\/div><\/div><\/div><\/div><div class=\"et-item gallery\"><div class=\"et-item-inner et-clearfix\"><div class=\"overlay-hover\"><div class=\"image-container\"><img width=\"1200\" height=\"800\" src=\"https:\/\/omchosting.com\/dev\/zactranz-old\/wp-content\/uploads\/2020\/11\/boxes-with-finished-products-PVGEQH7.jpg\" alt=\"\"><\/div><\/div><\/div><\/div><div class=\"et-item gallery\"><div class=\"et-item-inner et-clearfix\"><div class=\"overlay-hover\"><div class=\"image-container\"><img width=\"768\" height=\"512\" src=\"https:\/\/omchosting.com\/dev\/zactranz-old\/wp-content\/uploads\/2020\/12\/Bracing-Destuffing-gallery.jpg\" alt=\"\"><\/div><\/div><\/div><\/div><div class=\"et-item gallery\"><div class=\"et-item-inner et-clearfix\"><div class=\"overlay-hover\"><div class=\"image-container\"><img width=\"1200\" height=\"800\" src=\"https:\/\/omchosting.com\/dev\/zactranz-old\/wp-content\/uploads\/2020\/11\/worker-team-is-working-on-a-desk-with-computers-VEUDXKK.jpg\" alt=\"\"><\/div><\/div><\/div><\/div><\/div><\/div>[\/vc_column][\/vc_row][vc_row full_width=&#8221;stretch_row_content&#8221; gap=&#8221;0&#8243; disable_element=&#8221;yes&#8221;][vc_column]<div class=\"et-plain-gallery-wrapper\"><div id=\"plain-gallery-2\" data-columns=\"5\" class=\"plain-gallery loop-gallery owl-carousel effect-type-sequential effect-none overlay-none et-item-set et-clearfix\"><div class=\"et-item gallery\"><div class=\"et-item-inner et-clearfix\"><div class=\"overlay-hover\"><div class=\"image-container\"><img width=\"1200\" height=\"800\" src=\"https:\/\/omchosting.com\/dev\/zactranz-old\/wp-content\/uploads\/2020\/11\/container-handling-vehicle-in-action-PQ7QV9T.jpg\" alt=\"\"><\/div><\/div><\/div><\/div><div class=\"et-item gallery\"><div class=\"et-item-inner et-clearfix\"><div class=\"overlay-hover\"><div class=\"image-container\"><img width=\"1200\" height=\"800\" src=\"https:\/\/omchosting.com\/dev\/zactranz-old\/wp-content\/uploads\/2020\/11\/man-pulling-pallet-in-warehouse-PTPBG2X.jpg\" alt=\"\"><\/div><\/div><\/div><\/div><div class=\"et-item gallery\"><div class=\"et-item-inner et-clearfix\"><div class=\"overlay-hover\"><div class=\"image-container\"><img width=\"1200\" height=\"800\" src=\"https:\/\/omchosting.com\/dev\/zactranz-old\/wp-content\/uploads\/2020\/11\/store-the-packages-of-products-PU7NV9Y.jpg\" alt=\"\"><\/div><\/div><\/div><\/div><div class=\"et-item gallery\"><div class=\"et-item-inner et-clearfix\"><div class=\"overlay-hover\"><div class=\"image-container\"><img width=\"1200\" height=\"800\" src=\"https:\/\/omchosting.com\/dev\/zactranz-old\/wp-content\/uploads\/2020\/11\/powerful-truck-with-heavy-container-LF8WKCP.jpg\" alt=\"\"><\/div><\/div><\/div><\/div><div class=\"et-item gallery\"><div class=\"et-item-inner et-clearfix\"><div class=\"overlay-hover\"><div class=\"image-container\"><img width=\"1200\" height=\"800\" src=\"https:\/\/omchosting.com\/dev\/zactranz-old\/wp-content\/uploads\/2020\/11\/boxes-with-finished-products-PVGEQH7.jpg\" alt=\"\"><\/div><\/div><\/div><\/div><div class=\"et-item gallery\"><div class=\"et-item-inner et-clearfix\"><div class=\"overlay-hover\"><div class=\"image-container\"><img width=\"1200\" height=\"800\" src=\"https:\/\/omchosting.com\/dev\/zactranz-old\/wp-content\/uploads\/2020\/11\/worker-team-is-working-on-a-desk-with-computers-VEUDXKK.jpg\" alt=\"\"><\/div><\/div><\/div><\/div><\/div><\/div>[\/vc_column][\/vc_row][vc_row full_width=&#8221;stretch_row_content&#8221; gap=&#8221;0&#8243; css=&#8221;.vc_custom_1606808985153{padding-top: 1% !important;padding-right: 3% !important;padding-bottom: 1.7% !important;padding-left: 3% !important;background-color: #000000 !important;}&#8221; el_class=&#8221;quoteformsection&#8221;][vc_column][vc_custom_heading text=&#8221;Zac-Tranz offre un service inspir\u00e9 par la s\u00e9curit\u00e9&#8221; font_container=&#8221;tag:h3|font_size:30px|text_align:center|color:%23ff801d|line_height:56px&#8221; use_theme_fonts=&#8221;yes&#8221; el_class=&#8221;letter-spacing-50 feature-title&#8221; css=&#8221;.vc_custom_1615456942350{margin-bottom: -20px !important;}&#8221;][vc_custom_heading text=&#8221;Int\u00e9ress\u00e9 d\u2019obtenir un devis ?&#8221; font_container=&#8221;tag:h3|font_size:30px|text_align:center|color:%23ffffff|line_height:56px&#8221; use_theme_fonts=&#8221;yes&#8221; el_class=&#8221;letter-spacing-50 feature-title&#8221; css=&#8221;.vc_custom_1615456949861{margin-bottom: 0px !important;}&#8221;]<div class=\"gap et-clearfix \" style=\"height:10px\"><\/div>[vc_column_text el_class=&#8221;feature-text-left&#8221; css=&#8221;.vc_custom_1615456963593{margin-bottom: -15px !important;}&#8221;]<\/p>\n<p style=\"font-weight: 400; text-align: center; color: white;\">Remplissez les informations ci-dessous et nous vous contacterons pendant les heures ouvrables normales avec un devis.<\/p>\n<p>[\/vc_column_text]<div role=\"form\" class=\"wpcf7\" id=\"wpcf7-f15905-o1\" lang=\"en-US\" dir=\"ltr\">\n<div class=\"screen-reader-response\" aria-live=\"polite\"><\/div>\n<form action=\"\/dev\/zactranz-old\/wp-json\/wp\/v2\/pages\/16291#wpcf7-f15905-o1\" method=\"post\" class=\"wpcf7-form\" novalidate=\"novalidate\">\n<div style=\"display: none;\">\n<input type=\"hidden\" name=\"_wpcf7\" value=\"15905\" \/>\n<input type=\"hidden\" name=\"_wpcf7_version\" value=\"5.1.9\" \/>\n<input type=\"hidden\" name=\"_wpcf7_locale\" value=\"en_US\" \/>\n<input type=\"hidden\" name=\"_wpcf7_unit_tag\" value=\"wpcf7-f15905-o1\" \/>\n<input type=\"hidden\" name=\"_wpcf7_container_post\" value=\"0\" \/>\n<\/div>\n<div class=\"inline-row et-clearfix\" style=\"margin:0px;\"><br \/>\n<div class=\"inline-column et-clearfix\" style=\"width:16.66%; padding:0px 5px;\"><br \/>\n<label>Pr\u00e9nom*<br \/>\n<span class=\"wpcf7-form-control-wrap client-fname\"><input type=\"text\" name=\"client-fname\" value=\"\" size=\"40\" class=\"wpcf7-form-control wpcf7-text wpcf7-validates-as-required\" aria-required=\"true\" aria-invalid=\"false\" \/><\/span><\/label><\/div>\n<div class=\"inline-column et-clearfix\" style=\"width:16.66%; padding:0px 5px;\"><br \/>\n<label>Nom de famille*<br \/>\n<span class=\"wpcf7-form-control-wrap client-lname\"><input type=\"text\" name=\"client-lname\" value=\"\" size=\"40\" class=\"wpcf7-form-control wpcf7-text wpcf7-validates-as-required\" aria-required=\"true\" aria-invalid=\"false\" \/><\/span><\/label><\/div>\n<div class=\"inline-column et-clearfix\" style=\"width:16.66%; padding:0px 5px;\"><br \/>\n<label>Nom de la compagnie*<br \/>\n<span class=\"wpcf7-form-control-wrap comapnay-name\"><input type=\"text\" name=\"comapnay-name\" value=\"\" size=\"40\" class=\"wpcf7-form-control wpcf7-text wpcf7-validates-as-required\" aria-required=\"true\" aria-invalid=\"false\" \/><\/span><\/label><\/div>\n<div class=\"inline-column et-clearfix\" style=\"width:16.66%; padding:0px 5px;\"><br \/>\n<label>Courriel*<br \/>\n<span class=\"wpcf7-form-control-wrap client-email\"><input type=\"email\" name=\"client-email\" value=\"\" size=\"40\" class=\"wpcf7-form-control wpcf7-text wpcf7-email wpcf7-validates-as-email\" aria-invalid=\"false\" \/><\/span><\/label><\/div>\n<div class=\"inline-column et-clearfix\" style=\"width:16.66%; padding:0px 5px;\"><br \/>\n<label>T\u00e9l\u00e9phone*<br \/>\n<span class=\"wpcf7-form-control-wrap tel-226\"><input type=\"tel\" name=\"tel-226\" value=\"\" size=\"40\" class=\"wpcf7-form-control wpcf7-text wpcf7-tel wpcf7-validates-as-required wpcf7-validates-as-tel\" aria-required=\"true\" aria-invalid=\"false\" \/><\/span><\/label><\/div>\n<div class=\"inline-column et-clearfix\" style=\"width:16.66%; padding:0px 5px;\"><br \/>\n<label>Code postal \/ ZIP<br \/>\n<span class=\"wpcf7-form-control-wrap client-postalcodep\"><input type=\"text\" name=\"client-postalcodep\" value=\"\" size=\"40\" class=\"wpcf7-form-control wpcf7-text\" aria-invalid=\"false\" \/><\/span><\/label><\/div>\n<div class=\"inline-column et-clearfix\" style=\"width:16.66%; padding:0px 5px;\"><br \/>\n<label>Services s\u00e9lectionn\u00e9s<br \/>\n<span class=\"wpcf7-form-control-wrap servjices-requested\"><select name=\"servjices-requested\" class=\"wpcf7-form-control wpcf7-select\" aria-invalid=\"false\"><option value=\"factage et transbordement\">factage et transbordement<\/option><option value=\"Intermodal\">Intermodal<\/option><option value=\"Autoroute\">Autoroute<\/option><option value=\"Transfrontalier\">Transfrontalier<\/option><option value=\"Entreposage et distribution\">Entreposage et distribution<\/option><option value=\"Logistique mondiale\">Logistique mondiale<\/option><\/select><\/span><\/label><\/div>\n<div class=\"inline-column et-clearfix\" style=\"width:83.34%; padding:0px 5px;\"><br \/>\n<label>Laissez-nous un message<br \/>\n<span class=\"wpcf7-form-control-wrap text-494\"><input type=\"text\" name=\"text-494\" value=\"\" size=\"40\" class=\"wpcf7-form-control wpcf7-text\" aria-invalid=\"false\" \/><\/span><\/label><\/div>\n<div class=\"inline-column et-clearfix\" style=\"width:100%; padding:0px;\"><center><input type=\"submit\" value=\"Envoyer\" class=\"wpcf7-form-control wpcf7-submit\" \/><\/center><\/div><\/div>\n<div class=\"wpcf7-response-output wpcf7-display-none\" aria-hidden=\"true\"><\/div><\/form><\/div>[\/vc_column][\/vc_row]<\/p>\n","protected":false},"excerpt":{"rendered":"<p>Leverage agile frameworks to provide a robust synopsis for high level overviews. Iterative approaches to corporate strategy foster collaborative thinking to further the overall value proposition. Organically grow the holistic world view of disruptive innovation via workplace diversity and empowerment.<\/p>\n","protected":false},"author":1,"featured_media":0,"parent":0,"menu_order":0,"comment_status":"closed","ping_status":"closed","template":"page-vc.php","meta":{"inline_featured_image":false},"_links":{"self":[{"href":"https:\/\/omchosting.com\/dev\/zactranz-old\/wp-json\/wp\/v2\/pages\/16291"}],"collection":[{"href":"https:\/\/omchosting.com\/dev\/zactranz-old\/wp-json\/wp\/v2\/pages"}],"about":[{"href":"https:\/\/omchosting.com\/dev\/zactranz-old\/wp-json\/wp\/v2\/types\/page"}],"author":[{"embeddable":true,"href":"https:\/\/omchosting.com\/dev\/zactranz-old\/wp-json\/wp\/v2\/users\/1"}],"replies":[{"embeddable":true,"href":"https:\/\/omchosting.com\/dev\/zactranz-old\/wp-json\/wp\/v2\/comments?post=16291"}],"version-history":[{"count":3,"href":"https:\/\/omchosting.com\/dev\/zactranz-old\/wp-json\/wp\/v2\/pages\/16291\/revisions"}],"predecessor-version":[{"id":16388,"href":"https:\/\/omchosting.com\/dev\/zactranz-old\/wp-json\/wp\/v2\/pages\/16291\/revisions\/16388"}],"wp:attachment":[{"href":"https:\/\/omchosting.com\/dev\/zactranz-old\/wp-json\/wp\/v2\/media?parent=16291"}],"curies":[{"name":"wp","href":"https:\/\/api.w.org\/{rel}","templated":true}]}}