{"id":16256,"date":"2020-10-30T15:17:59","date_gmt":"2020-10-30T15:17:59","guid":{"rendered":"http:\/\/www.zac-tranz.com\/warehouse\/"},"modified":"2021-03-11T08:19:51","modified_gmt":"2021-03-11T08:19:51","slug":"warehouse","status":"publish","type":"page","link":"https:\/\/omchosting.com\/dev\/zactranz-old\/warehouse\/?lang=fr","title":{"rendered":"Parc d\u2019Entreposage"},"content":{"rendered":"<p>[vc_row css=&#8221;.vc_custom_1606213860190{padding-top: 120px !important;padding-bottom: 30px !important;}&#8221;][vc_column width=&#8221;1\/6&#8243;][\/vc_column][vc_column width=&#8221;2\/3&#8243;][vc_custom_heading text=&#8221;R\u00e9pondre \u00e0 vos besoins de stockage et parc d\u2019entreposage partout au Canada&#8221; font_container=&#8221;tag:h3|font_size:30px|text_align:left|line_height:56px&#8221; use_theme_fonts=&#8221;yes&#8221; el_class=&#8221;letter-spacing-50 feature-title&#8221; css=&#8221;.vc_custom_1615448914407{margin-bottom: 0px !important;}&#8221;]<div class=\"gap et-clearfix \" style=\"height:32px\"><\/div>[vc_column_text css=&#8221;.vc_custom_1615448942441{padding-right: 1px !important;}&#8221; el_class=&#8221;feature-text-left&#8221;]Le parc d&#8217;entreposage ou le stockage de Zac-Tranz est un \u00e9l\u00e9ment important pour r\u00e9pondre aux besoins complets de nos clients avec des solutions pratiques \u00e0 court et \u00e0 long terme. Nous comprenons vraiment les exigences de distribution approfondies pour un large \u00e9ventail d&#8217;industries qui ont toutes des composants d&#8217;entreposage sp\u00e9cifiques.<\/p>\n<p>Nos installations d\u2019entreposage sont situ\u00e9es dans tout le pays, il suffit de dire que s&#8217;il y a un port ou un terminal ferroviaire, vous pouvez garantir qu&#8217;il y a un chantier Zac-Tranz \u00e0 c\u00f4t\u00e9 pour r\u00e9pondre \u00e0 tous vos besoins particuliers. Nos installations de parc d\u2019entreposage peuvent facilement g\u00e9rer des centaines de conteneurs de 20, 40 ou 53 pieds, des conteneurs de fluide, des conteneurs r\u00e9frig\u00e9r\u00e9s, des remorques et des ch\u00e2ssis.<\/p>\n<p>Fonctionnant 24 heures sur 24, 7 jours sur 7, 365 jours par an et strat\u00e9giquement positionn\u00e9 \u00e0 travers le Canada vous permet (nos clients) d&#8217;avoir vos produits o\u00f9 et quand vous en avez besoin, tout chez Zac-Tranz a \u00e9t\u00e9 con\u00e7u pour mieux vous servir, y compris une gamme compl\u00e8te des services d\u2019entreposage, d&#8217;ex\u00e9cution, de distribution et de gestion de stock innovants parfaitement adapt\u00e9s \u00e0 chaque client. Notre \u00e9quipe de direction est impliqu\u00e9e pour vous fournir un contr\u00f4le pratique des stocks, une gestion des stocks et des entrep\u00f4ts \u00e0 la fois dans nos installations et dans notre chantier, notre objectif est d&#8217;assurer un succ\u00e8s et une satisfaction totale.[\/vc_column_text]<div class=\"gap et-clearfix \" style=\"height:32px\"><\/div>[vc_custom_heading text=&#8221;Notre service de parc d&#8217;entreposage offre :&#8221; font_container=&#8221;tag:h3|font_size:20px|text_align:left|line_height:36px&#8221; use_theme_fonts=&#8221;yes&#8221; el_class=&#8221;letter-spacing-50 feature-title&#8221; css=&#8221;.vc_custom_1615448963694{margin-bottom: 0px !important;}&#8221;]<div class=\"gap et-clearfix \" style=\"height:32px\"><\/div><ul class=\"et-list-icon full medium\"><li style=\"margin-bottom:24px;\"><div class=\"icon-wrap\"><div class=\"icon medium\" style=\"color:#fd8c40;box-shadow:inset 0 0 0 3px #fd8c40;border-radius:100px;\"><span class=\"medium fa fa-check\"><\/span><\/div><\/div><div>Entreposage \u00e0 long terme des conteneurs pour \u00e9viter des frais de terminal \u00e9lev\u00e9s.<\/div><\/li><li style=\"margin-bottom:24px;\"><div class=\"icon-wrap\"><div class=\"icon medium\" style=\"color:#fd8c40;box-shadow:inset 0 0 0 3px #fd8c40;border-radius:100px;\"><span class=\"medium fa fa-check\"><\/span><\/div><\/div><div>La cour est enti\u00e8rement cl\u00f4tur\u00e9e, gard\u00e9e, s\u00e9curis\u00e9e, cam\u00e9ras, chiens et d\u00e9tecteurs de mouvement.<\/div><\/li><li style=\"margin-bottom:24px;\"><div class=\"icon-wrap\"><div class=\"icon medium\" style=\"color:#fd8c40;box-shadow:inset 0 0 0 3px #fd8c40;border-radius:100px;\"><span class=\"medium fa fa-check\"><\/span><\/div><\/div><div>Types d\u2019entreposage de la cargaison; mati\u00e8res s\u00e8ches, en vrac, liquides (r\u00e9servoirs), \u00e0 temp\u00e9rature contr\u00f4l\u00e9e et dangereuses.<\/div><\/li><\/ul><div class=\"gap et-clearfix \" style=\"height:32px\"><\/div>[vc_custom_heading text=&#8221;Notre service d&#8217;entreposage offre :&#8221; font_container=&#8221;tag:h3|font_size:20px|text_align:left|line_height:36px&#8221; use_theme_fonts=&#8221;yes&#8221; el_class=&#8221;letter-spacing-50 feature-title&#8221; css=&#8221;.vc_custom_1615449008405{margin-bottom: 0px !important;}&#8221;]<div class=\"gap et-clearfix \" style=\"height:32px\"><\/div><ul class=\"et-list-icon full medium\"><li style=\"margin-bottom:24px;\"><div class=\"icon-wrap\"><div class=\"icon medium\" style=\"color:#fd8c40;box-shadow:inset 0 0 0 3px #fd8c40;border-radius:100px;\"><span class=\"medium fa fa-check\"><\/span><\/div><\/div><div>Nous offrons une gamme compl\u00e8te de services d&#8217;entreposage, d&#8217;ex\u00e9cution, de distribution et de gestion de stock innovants de pointe parfaitement adapt\u00e9s \u00e0 chaque client.<\/div><\/li><li style=\"margin-bottom:24px;\"><div class=\"icon-wrap\"><div class=\"icon medium\" style=\"color:#fd8c40;box-shadow:inset 0 0 0 3px #fd8c40;border-radius:100px;\"><span class=\"medium fa fa-check\"><\/span><\/div><\/div><div>Notre \u00e9quipe de direction est impliqu\u00e9e pour assurer la gestion pratique des stocks, le contr\u00f4le des stocks et la gestion des entrep\u00f4ts pour assurer un succ\u00e8s et une satisfaction totale.<\/div><\/li><li style=\"margin-bottom:24px;\"><div class=\"icon-wrap\"><div class=\"icon medium\" style=\"color:#fd8c40;box-shadow:inset 0 0 0 3px #fd8c40;border-radius:100px;\"><span class=\"medium fa fa-check\"><\/span><\/div><\/div><div>Capacit\u00e9 d&#8217;entreposage \/ transbordement de 500 000 pieds carr\u00e9s pour l\u2019entreposage \u00e0 court ou \u00e0 long terme.<\/div><\/li><li style=\"margin-bottom:24px;\"><div class=\"icon-wrap\"><div class=\"icon medium\" style=\"color:#fd8c40;box-shadow:inset 0 0 0 3px #fd8c40;border-radius:100px;\"><span class=\"medium fa fa-check\"><\/span><\/div><\/div><div>Installations d&#8217;entreposage avec des protocoles de s\u00e9curit\u00e9 stricts qui sont surveill\u00e9s 24\/7.<\/div><\/li><li style=\"margin-bottom:24px;\"><div class=\"icon-wrap\"><div class=\"icon medium\" style=\"color:#fd8c40;box-shadow:inset 0 0 0 3px #fd8c40;border-radius:100px;\"><span class=\"medium fa fa-check\"><\/span><\/div><\/div><div>Acc\u00e8s pratique 24h \/ 24 et 7j \/ 7 et fonctionnement s\u00e9curis\u00e9.<\/div><\/li><li style=\"margin-bottom:24px;\"><div class=\"icon-wrap\"><div class=\"icon medium\" style=\"color:#fd8c40;box-shadow:inset 0 0 0 3px #fd8c40;border-radius:100px;\"><span class=\"medium fa fa-check\"><\/span><\/div><\/div><div>Entreposage ambiant et chauff\u00e9, en rack et empil\u00e9.<\/div><\/li><li style=\"margin-bottom:24px;\"><div class=\"icon-wrap\"><div class=\"icon medium\" style=\"color:#fd8c40;box-shadow:inset 0 0 0 3px #fd8c40;border-radius:100px;\"><span class=\"medium fa fa-check\"><\/span><\/div><\/div><div>Entrep\u00f4ts d&#8217;attente des douanes canadiennes.<\/div><\/li><li style=\"margin-bottom:24px;\"><div class=\"icon-wrap\"><div class=\"icon medium\" style=\"color:#fd8c40;box-shadow:inset 0 0 0 3px #fd8c40;border-radius:100px;\"><span class=\"medium fa fa-check\"><\/span><\/div><\/div><div>Conforme C-TPAT.<\/div><\/li><li style=\"margin-bottom:24px;\"><div class=\"icon-wrap\"><div class=\"icon medium\" style=\"color:#fd8c40;box-shadow:inset 0 0 0 3px #fd8c40;border-radius:100px;\"><span class=\"medium fa fa-check\"><\/span><\/div><\/div><div>Pr\u00e9l\u00e8vement\u00a0et emballage.<\/div><\/li><\/ul><div class=\"gap et-clearfix \" style=\"height:32px\"><\/div>[vc_custom_heading text=&#8221;Offres suppl\u00e9mentaires :&#8221; font_container=&#8221;tag:h3|font_size:20px|text_align:left|line_height:36px&#8221; use_theme_fonts=&#8221;yes&#8221; el_class=&#8221;letter-spacing-50 feature-title&#8221; css=&#8221;.vc_custom_1615449106693{margin-bottom: 0px !important;}&#8221;]<div class=\"gap et-clearfix \" style=\"height:32px\"><\/div><ul class=\"et-list-icon full medium\"><li style=\"margin-bottom:24px;\"><div class=\"icon-wrap\"><div class=\"icon medium\" style=\"color:#fd8c40;box-shadow:inset 0 0 0 3px #fd8c40;border-radius:100px;\"><span class=\"medium fa fa-check\"><\/span><\/div><\/div><div>Service de marchandises diverses<\/div><\/li><li style=\"margin-bottom:24px;\"><div class=\"icon-wrap\"><div class=\"icon medium\" style=\"color:#fd8c40;box-shadow:inset 0 0 0 3px #fd8c40;border-radius:100px;\"><span class=\"medium fa fa-check\"><\/span><\/div><\/div><div>Tri par UGS et destination<\/div><\/li><li style=\"margin-bottom:24px;\"><div class=\"icon-wrap\"><div class=\"icon medium\" style=\"color:#fd8c40;box-shadow:inset 0 0 0 3px #fd8c40;border-radius:100px;\"><span class=\"medium fa fa-check\"><\/span><\/div><\/div><div>Service de livraison directe au magasin (DTS)<\/div><\/li><li style=\"margin-bottom:24px;\"><div class=\"icon-wrap\"><div class=\"icon medium\" style=\"color:#fd8c40;box-shadow:inset 0 0 0 3px #fd8c40;border-radius:100px;\"><span class=\"medium fa fa-check\"><\/span><\/div><\/div><div>\u00c9tiquetage<\/div><\/li><li style=\"margin-bottom:24px;\"><div class=\"icon-wrap\"><div class=\"icon medium\" style=\"color:#fd8c40;box-shadow:inset 0 0 0 3px #fd8c40;border-radius:100px;\"><span class=\"medium fa fa-check\"><\/span><\/div><\/div><div>Services de pr\u00e9l\u00e8vement\u00a0et emballage<\/div><\/li><li style=\"margin-bottom:24px;\"><div class=\"icon-wrap\"><div class=\"icon medium\" style=\"color:#fd8c40;box-shadow:inset 0 0 0 3px #fd8c40;border-radius:100px;\"><span class=\"medium fa fa-check\"><\/span><\/div><\/div><div>Contr\u00f4le des inventaires et distribution<\/div><\/li><\/ul><div class=\"gap et-clearfix hide1024 hide767\" style=\"height:72px\"><\/div><div class=\"gap et-clearfix hide768\" style=\"height:40px\"><\/div>[\/vc_column][vc_column width=&#8221;1\/6&#8243;][\/vc_column][\/vc_row][vc_row full_width=&#8221;stretch_row_content&#8221; gap=&#8221;0&#8243;][vc_column]<div class=\"et-plain-gallery-wrapper\"><div id=\"plain-gallery-1\" data-columns=\"5\" class=\"plain-gallery loop-gallery owl-carousel effect-type-sequential effect-none overlay-none et-item-set et-clearfix\"><div class=\"et-item gallery\"><div class=\"et-item-inner et-clearfix\"><div class=\"overlay-hover\"><div class=\"image-container\"><img width=\"1200\" height=\"800\" src=\"https:\/\/omchosting.com\/dev\/zactranz-old\/wp-content\/uploads\/2021\/02\/attention-to-whiteboard-H75KG93.jpg\" alt=\"\"><\/div><\/div><\/div><\/div><div class=\"et-item gallery\"><div class=\"et-item-inner et-clearfix\"><div class=\"overlay-hover\"><div class=\"image-container\"><img width=\"1200\" height=\"800\" src=\"https:\/\/omchosting.com\/dev\/zactranz-old\/wp-content\/uploads\/2020\/12\/workers-in-distribution-warehouse-PV4KL8W-1.jpg\" alt=\"\"><\/div><\/div><\/div><\/div><div class=\"et-item gallery\"><div class=\"et-item-inner et-clearfix\"><div class=\"overlay-hover\"><div class=\"image-container\"><img width=\"1200\" height=\"800\" src=\"https:\/\/omchosting.com\/dev\/zactranz-old\/wp-content\/uploads\/2020\/12\/Bulky-trailer-warehouse.jpg\" alt=\"\"><\/div><\/div><\/div><\/div><div class=\"et-item gallery\"><div class=\"et-item-inner et-clearfix\"><div class=\"overlay-hover\"><div class=\"image-container\"><img width=\"1200\" height=\"800\" src=\"https:\/\/omchosting.com\/dev\/zactranz-old\/wp-content\/uploads\/2020\/12\/warehousing_image.jpg\" alt=\"\"><\/div><\/div><\/div><\/div><div class=\"et-item gallery\"><div class=\"et-item-inner et-clearfix\"><div class=\"overlay-hover\"><div class=\"image-container\"><img width=\"1200\" height=\"800\" src=\"https:\/\/omchosting.com\/dev\/zactranz-old\/wp-content\/uploads\/2021\/02\/Flatracks-2.jpg\" alt=\"\"><\/div><\/div><\/div><\/div><div class=\"et-item gallery\"><div class=\"et-item-inner et-clearfix\"><div class=\"overlay-hover\"><div class=\"image-container\"><img width=\"1200\" height=\"800\" src=\"https:\/\/omchosting.com\/dev\/zactranz-old\/wp-content\/uploads\/2020\/12\/Cargo-Container-3-warhousingx800.jpg\" alt=\"\"><\/div><\/div><\/div><\/div><div class=\"et-item gallery\"><div class=\"et-item-inner et-clearfix\"><div class=\"overlay-hover\"><div class=\"image-container\"><img width=\"1200\" height=\"800\" src=\"https:\/\/omchosting.com\/dev\/zactranz-old\/wp-content\/uploads\/2020\/11\/view-of-tidy-cardboard-box-KEEXRDY.jpg\" alt=\"\"><\/div><\/div><\/div><\/div><div class=\"et-item gallery\"><div class=\"et-item-inner et-clearfix\"><div class=\"overlay-hover\"><div class=\"image-container\"><img width=\"1200\" height=\"800\" src=\"https:\/\/omchosting.com\/dev\/zactranz-old\/wp-content\/uploads\/2020\/11\/warehouse-97G3DAX.jpg\" alt=\"\"><\/div><\/div><\/div><\/div><div class=\"et-item gallery\"><div class=\"et-item-inner et-clearfix\"><div class=\"overlay-hover\"><div class=\"image-container\"><img width=\"1200\" height=\"800\" src=\"https:\/\/omchosting.com\/dev\/zactranz-old\/wp-content\/uploads\/2020\/11\/warehouse-and-pallets-AA3693G.jpg\" alt=\"\"><\/div><\/div><\/div><\/div><div class=\"et-item gallery\"><div class=\"et-item-inner et-clearfix\"><div class=\"overlay-hover\"><div class=\"image-container\"><img width=\"1200\" height=\"800\" src=\"https:\/\/omchosting.com\/dev\/zactranz-old\/wp-content\/uploads\/2020\/11\/porter-carrying-boxes-in-a-warehouse-PKHVDXS.jpg\" alt=\"\"><\/div><\/div><\/div><\/div><div class=\"et-item gallery\"><div class=\"et-item-inner et-clearfix\"><div class=\"overlay-hover\"><div class=\"image-container\"><img width=\"1200\" height=\"800\" src=\"https:\/\/omchosting.com\/dev\/zactranz-old\/wp-content\/uploads\/2021\/01\/cargo-loading-dock-doors-of-big-warehouse-building-8RFZSZE.jpg\" alt=\"\"><\/div><\/div><\/div><\/div><div class=\"et-item gallery\"><div class=\"et-item-inner et-clearfix\"><div class=\"overlay-hover\"><div class=\"image-container\"><img width=\"1200\" height=\"800\" src=\"https:\/\/omchosting.com\/dev\/zactranz-old\/wp-content\/uploads\/2021\/02\/business-man-with-shipping-containers-PLU857C.jpg\" alt=\"\"><\/div><\/div><\/div><\/div><div class=\"et-item gallery\"><div class=\"et-item-inner et-clearfix\"><div class=\"overlay-hover\"><div class=\"image-container\"><img width=\"1200\" height=\"800\" src=\"https:\/\/omchosting.com\/dev\/zactranz-old\/wp-content\/uploads\/2021\/02\/Flatracks-1.jpg\" alt=\"\"><\/div><\/div><\/div><\/div><div class=\"et-item gallery\"><div class=\"et-item-inner et-clearfix\"><div class=\"overlay-hover\"><div class=\"image-container\"><img width=\"1200\" height=\"800\" src=\"https:\/\/omchosting.com\/dev\/zactranz-old\/wp-content\/uploads\/2021\/02\/Isotank-containers.jpg\" alt=\"\"><\/div><\/div><\/div><\/div><div class=\"et-item gallery\"><div class=\"et-item-inner et-clearfix\"><div class=\"overlay-hover\"><div class=\"image-container\"><img width=\"1200\" height=\"800\" src=\"https:\/\/omchosting.com\/dev\/zactranz-old\/wp-content\/uploads\/2021\/02\/Yard-Storage.jpg\" alt=\"\"><\/div><\/div><\/div><\/div><\/div><\/div>[\/vc_column][\/vc_row][vc_row full_width=&#8221;stretch_row_content&#8221; gap=&#8221;0&#8243; css=&#8221;.vc_custom_1606808975235{padding-top: 1% !important;padding-right: 3% !important;padding-bottom: 1.7% !important;padding-left: 3% !important;background-color: #000000 !important;}&#8221; el_class=&#8221;quoteformsection&#8221;][vc_column][vc_custom_heading text=&#8221;Zac-Tranz offre un service inspir\u00e9 par la s\u00e9curit\u00e9&#8221; font_container=&#8221;tag:h3|font_size:30px|text_align:center|color:%23ff801d|line_height:56px&#8221; use_theme_fonts=&#8221;yes&#8221; el_class=&#8221;letter-spacing-50 feature-title&#8221; css=&#8221;.vc_custom_1615449152517{margin-bottom: -20px !important;}&#8221;][vc_custom_heading text=&#8221;Int\u00e9ress\u00e9 d\u2019obtenir un devis ?&#8221; font_container=&#8221;tag:h3|font_size:30px|text_align:center|color:%23ffffff|line_height:56px&#8221; use_theme_fonts=&#8221;yes&#8221; el_class=&#8221;letter-spacing-50 feature-title&#8221; css=&#8221;.vc_custom_1615449158933{margin-bottom: 0px !important;}&#8221;]<div class=\"gap et-clearfix \" style=\"height:10px\"><\/div>[vc_column_text el_class=&#8221;feature-text-left&#8221; css=&#8221;.vc_custom_1615449175166{margin-bottom: -15px !important;}&#8221;]<\/p>\n<p style=\"font-weight: 400; text-align: center; color: white;\">Remplissez les informations ci-dessous et nous vous contacterons pendant les heures ouvrables normales avec un devis.<\/p>\n<p>[\/vc_column_text]<div role=\"form\" class=\"wpcf7\" id=\"wpcf7-f15905-o1\" lang=\"en-US\" dir=\"ltr\">\n<div class=\"screen-reader-response\" aria-live=\"polite\"><\/div>\n<form action=\"\/dev\/zactranz-old\/wp-json\/wp\/v2\/pages\/16256#wpcf7-f15905-o1\" method=\"post\" class=\"wpcf7-form\" novalidate=\"novalidate\">\n<div style=\"display: none;\">\n<input type=\"hidden\" name=\"_wpcf7\" value=\"15905\" \/>\n<input type=\"hidden\" name=\"_wpcf7_version\" value=\"5.1.9\" \/>\n<input type=\"hidden\" name=\"_wpcf7_locale\" value=\"en_US\" \/>\n<input type=\"hidden\" name=\"_wpcf7_unit_tag\" value=\"wpcf7-f15905-o1\" \/>\n<input type=\"hidden\" name=\"_wpcf7_container_post\" value=\"0\" \/>\n<\/div>\n<div class=\"inline-row et-clearfix\" style=\"margin:0px;\"><br \/>\n<div class=\"inline-column et-clearfix\" style=\"width:16.66%; padding:0px 5px;\"><br \/>\n<label>Pr\u00e9nom*<br \/>\n<span class=\"wpcf7-form-control-wrap client-fname\"><input type=\"text\" name=\"client-fname\" value=\"\" size=\"40\" class=\"wpcf7-form-control wpcf7-text wpcf7-validates-as-required\" aria-required=\"true\" aria-invalid=\"false\" \/><\/span><\/label><\/div>\n<div class=\"inline-column et-clearfix\" style=\"width:16.66%; padding:0px 5px;\"><br \/>\n<label>Nom de famille*<br \/>\n<span class=\"wpcf7-form-control-wrap client-lname\"><input type=\"text\" name=\"client-lname\" value=\"\" size=\"40\" class=\"wpcf7-form-control wpcf7-text wpcf7-validates-as-required\" aria-required=\"true\" aria-invalid=\"false\" \/><\/span><\/label><\/div>\n<div class=\"inline-column et-clearfix\" style=\"width:16.66%; padding:0px 5px;\"><br \/>\n<label>Nom de la compagnie*<br \/>\n<span class=\"wpcf7-form-control-wrap comapnay-name\"><input type=\"text\" name=\"comapnay-name\" value=\"\" size=\"40\" class=\"wpcf7-form-control wpcf7-text wpcf7-validates-as-required\" aria-required=\"true\" aria-invalid=\"false\" \/><\/span><\/label><\/div>\n<div class=\"inline-column et-clearfix\" style=\"width:16.66%; padding:0px 5px;\"><br \/>\n<label>Courriel*<br \/>\n<span class=\"wpcf7-form-control-wrap client-email\"><input type=\"email\" name=\"client-email\" value=\"\" size=\"40\" class=\"wpcf7-form-control wpcf7-text wpcf7-email wpcf7-validates-as-email\" aria-invalid=\"false\" \/><\/span><\/label><\/div>\n<div class=\"inline-column et-clearfix\" style=\"width:16.66%; padding:0px 5px;\"><br \/>\n<label>T\u00e9l\u00e9phone*<br \/>\n<span class=\"wpcf7-form-control-wrap tel-226\"><input type=\"tel\" name=\"tel-226\" value=\"\" size=\"40\" class=\"wpcf7-form-control wpcf7-text wpcf7-tel wpcf7-validates-as-required wpcf7-validates-as-tel\" aria-required=\"true\" aria-invalid=\"false\" \/><\/span><\/label><\/div>\n<div class=\"inline-column et-clearfix\" style=\"width:16.66%; padding:0px 5px;\"><br \/>\n<label>Code postal \/ ZIP<br \/>\n<span class=\"wpcf7-form-control-wrap client-postalcodep\"><input type=\"text\" name=\"client-postalcodep\" value=\"\" size=\"40\" class=\"wpcf7-form-control wpcf7-text\" aria-invalid=\"false\" \/><\/span><\/label><\/div>\n<div class=\"inline-column et-clearfix\" style=\"width:16.66%; padding:0px 5px;\"><br \/>\n<label>Services s\u00e9lectionn\u00e9s<br \/>\n<span class=\"wpcf7-form-control-wrap servjices-requested\"><select name=\"servjices-requested\" class=\"wpcf7-form-control wpcf7-select\" aria-invalid=\"false\"><option value=\"factage et transbordement\">factage et transbordement<\/option><option value=\"Intermodal\">Intermodal<\/option><option value=\"Autoroute\">Autoroute<\/option><option value=\"Transfrontalier\">Transfrontalier<\/option><option value=\"Entreposage et distribution\">Entreposage et distribution<\/option><option value=\"Logistique mondiale\">Logistique mondiale<\/option><\/select><\/span><\/label><\/div>\n<div class=\"inline-column et-clearfix\" style=\"width:83.34%; padding:0px 5px;\"><br \/>\n<label>Laissez-nous un message<br \/>\n<span class=\"wpcf7-form-control-wrap text-494\"><input type=\"text\" name=\"text-494\" value=\"\" size=\"40\" class=\"wpcf7-form-control wpcf7-text\" aria-invalid=\"false\" \/><\/span><\/label><\/div>\n<div class=\"inline-column et-clearfix\" style=\"width:100%; padding:0px;\"><center><input type=\"submit\" value=\"Envoyer\" class=\"wpcf7-form-control wpcf7-submit\" \/><\/center><\/div><\/div>\n<div class=\"wpcf7-response-output wpcf7-display-none\" aria-hidden=\"true\"><\/div><\/form><\/div>[\/vc_column][\/vc_row]<\/p>\n","protected":false},"excerpt":{"rendered":"<p>Leverage agile frameworks to provide a robust synopsis for high level overviews. Iterative approaches to corporate strategy foster collaborative thinking to further the overall value proposition. Organically grow the holistic world view of disruptive innovation via workplace diversity and empowerment.<\/p>\n","protected":false},"author":1,"featured_media":0,"parent":0,"menu_order":0,"comment_status":"closed","ping_status":"closed","template":"page-vc.php","meta":{"inline_featured_image":false},"_links":{"self":[{"href":"https:\/\/omchosting.com\/dev\/zactranz-old\/wp-json\/wp\/v2\/pages\/16256"}],"collection":[{"href":"https:\/\/omchosting.com\/dev\/zactranz-old\/wp-json\/wp\/v2\/pages"}],"about":[{"href":"https:\/\/omchosting.com\/dev\/zactranz-old\/wp-json\/wp\/v2\/types\/page"}],"author":[{"embeddable":true,"href":"https:\/\/omchosting.com\/dev\/zactranz-old\/wp-json\/wp\/v2\/users\/1"}],"replies":[{"embeddable":true,"href":"https:\/\/omchosting.com\/dev\/zactranz-old\/wp-json\/wp\/v2\/comments?post=16256"}],"version-history":[{"count":4,"href":"https:\/\/omchosting.com\/dev\/zactranz-old\/wp-json\/wp\/v2\/pages\/16256\/revisions"}],"predecessor-version":[{"id":16333,"href":"https:\/\/omchosting.com\/dev\/zactranz-old\/wp-json\/wp\/v2\/pages\/16256\/revisions\/16333"}],"wp:attachment":[{"href":"https:\/\/omchosting.com\/dev\/zactranz-old\/wp-json\/wp\/v2\/media?parent=16256"}],"curies":[{"name":"wp","href":"https:\/\/api.w.org\/{rel}","templated":true}]}}