{"id":16221,"date":"2020-10-30T15:10:34","date_gmt":"2020-10-30T15:10:34","guid":{"rendered":"http:\/\/www.zac-tranz.com\/logistics\/"},"modified":"2021-03-12T07:27:56","modified_gmt":"2021-03-12T07:27:56","slug":"logistics","status":"publish","type":"page","link":"https:\/\/omchosting.com\/dev\/zactranz-old\/logistics\/?lang=fr","title":{"rendered":"Logistique"},"content":{"rendered":"<p>[vc_row css=&#8221;.vc_custom_1605538117307{padding-top: 120px !important;padding-bottom: 20px !important;}&#8221;][vc_column width=&#8221;1\/6&#8243;][\/vc_column][vc_column width=&#8221;2\/3&#8243;][vc_custom_heading text=&#8221;Logistique&#8221; font_container=&#8221;tag:h3|font_size:30px|text_align:left|line_height:56px&#8221; use_theme_fonts=&#8221;yes&#8221; el_class=&#8221;letter-spacing-50 feature-title&#8221; css=&#8221;.vc_custom_1615387021131{margin-bottom: 0px !important;}&#8221;]<div class=\"gap et-clearfix \" style=\"height:32px\"><\/div>[vc_column_text el_class=&#8221;feature-text-left&#8221;]Notre \u00e9quipe logistique met en \u0153uvre des solutions qui r\u00e9duisent les co\u00fbts et augmentent les mesures de performance. O\u00f9 en avez-vous besoin ? Quand en avez-vous besoin l\u00e0-bas ? Une manipulation sp\u00e9ciale est-elle n\u00e9cessaire ? Ces d\u00e9tails d\u00e9terminent l&#8217;itin\u00e9raire intermodal ou sur la route (OTR) le plus efficace et le plus rapide pour le transport de vos marchandises, sans compter que tout d\u00e9pend du service et du prix.<\/p>\n<p>Nous nous concentrons sur tous les aspects de vos exigences en mati\u00e8re de transport et de cha\u00eene d&#8217;approvisionnement, de la s\u00e9curit\u00e9 \u00e0 notre technologie de syst\u00e8mes de gestion des transports (TMS), qui offre la visibilit\u00e9 des exp\u00e9ditions et les rapports personnalis\u00e9s dont vous avez besoin pour mieux g\u00e9rer votre budget de transport.<\/p>\n<p>Les clients de Zac-Tranz appr\u00e9cient la s\u00e9curit\u00e9 de savoir que notre r\u00e9seau de transporteurs partenaires professionnels nous offre une capacit\u00e9 et une flexibilit\u00e9 suppl\u00e9mentaires pour r\u00e9pondre \u00e0 vos besoins en charge partielle (LTL) et en camions par chemin de fer et par route, partout en Am\u00e9rique du Nord.[\/vc_column_text][vc_single_image image=&#8221;16420&#8243; img_size=&#8221;full&#8221;]<ul class=\"et-list-icon full medium\"><li style=\"margin-bottom:24px;\"><div class=\"icon-wrap\"><div class=\"icon medium\" style=\"color:#fd8c40;box-shadow:inset 0 0 0 3px #fd8c40;border-radius:100px;\"><span class=\"medium fa fa-check\"><\/span><\/div><\/div><div>Importation et exportation entre le Canada, les \u00c9tats-Unis et le Mexique<\/div><\/li><li style=\"margin-bottom:24px;\"><div class=\"icon-wrap\"><div class=\"icon medium\" style=\"color:#fd8c40;box-shadow:inset 0 0 0 3px #fd8c40;border-radius:100px;\"><span class=\"medium fa fa-check\"><\/span><\/div><\/div><div>Exp\u00e9dition de charge partielle (LTL), chargement complet (FTL)<\/div><\/li><li style=\"margin-bottom:24px;\"><div class=\"icon-wrap\"><div class=\"icon medium\" style=\"color:#fd8c40;box-shadow:inset 0 0 0 3px #fd8c40;border-radius:100px;\"><span class=\"medium fa fa-check\"><\/span><\/div><\/div><div>Services de transport de ligne d\u00e9di\u00e9s partout en Am\u00e9rique du Nord<\/div><\/li><li style=\"margin-bottom:24px;\"><div class=\"icon-wrap\"><div class=\"icon medium\" style=\"color:#fd8c40;box-shadow:inset 0 0 0 3px #fd8c40;border-radius:100px;\"><span class=\"medium fa fa-check\"><\/span><\/div><\/div><div>Gestion de tous les niveaux pendant les p\u00e9riodes de vacances<\/div><\/li><li style=\"margin-bottom:24px;\"><div class=\"icon-wrap\"><div class=\"icon medium\" style=\"color:#fd8c40;box-shadow:inset 0 0 0 3px #fd8c40;border-radius:100px;\"><span class=\"medium fa fa-check\"><\/span><\/div><\/div><div>Service transfrontalier, national et entre \u00e9tats<\/div><\/li><li style=\"margin-bottom:24px;\"><div class=\"icon-wrap\"><div class=\"icon medium\" style=\"color:#fd8c40;box-shadow:inset 0 0 0 3px #fd8c40;border-radius:100px;\"><span class=\"medium fa fa-check\"><\/span><\/div><\/div><div>Accueillir les envois acc\u00e9l\u00e9r\u00e9s et d&#8217;urgence<\/div><\/li><\/ul>[vc_column_text el_class=&#8221;feature-text-left&#8221;]<\/p>\n<p style=\"font-weight: 400;\">Nous vous recommandons de faire un aper\u00e7u de <a style=\"color: #fd8c40;\" href=\"http:\/\/www.zac-tranz.com\/equipment\/?lang=fr\"><strong>notre \u00e9quipement<\/strong><\/a> pour comprendre pleinement nos capacit\u00e9s \u00e0 faciliter et \u00e0 regrouper vos exp\u00e9ditions entrantes au Canada, en utilisant notre r\u00e9seau d&#8217;un oc\u00e9an \u00e0 l&#8217;autre pour r\u00e9pondre \u00e0 tous vos besoins de distribution.<\/p>\n<p>[\/vc_column_text][\/vc_column][vc_column width=&#8221;1\/6&#8243;][\/vc_column][\/vc_row][vc_row full_width=&#8221;stretch_row_content&#8221; gap=&#8221;0&#8243;][vc_column]<div class=\"et-plain-gallery-wrapper\"><div id=\"plain-gallery-1\" data-columns=\"5\" class=\"plain-gallery loop-gallery owl-carousel effect-type-sequential effect-none overlay-none et-item-set et-clearfix\"><div class=\"et-item gallery\"><div class=\"et-item-inner et-clearfix\"><div class=\"overlay-hover\"><a title=\"Image Source: https:\/\/www.cpr.ca\/en\/media\/photos\" data-lightbox-gallery=\"gallery-image1\" title=\"Image Source: https:\/\/www.cpr.ca\/en\/media\/photos\" href=\"https:\/\/omchosting.com\/dev\/zactranz-old\/wp-content\/uploads\/2020\/11\/intermodal-7_cpr.jpg\"><div class=\"image-container\"><img width=\"1200\" height=\"800\" src=\"https:\/\/omchosting.com\/dev\/zactranz-old\/wp-content\/uploads\/2020\/11\/intermodal-7_cpr.jpg\" alt=\"Image Source: https:\/\/www.cpr.ca\/en\/media\/photos\"><\/div><\/a><\/div><\/div><\/div><div class=\"et-item gallery\"><div class=\"et-item-inner et-clearfix\"><div class=\"overlay-hover\"><a title=\"\" data-lightbox-gallery=\"gallery-image1\" href=\"https:\/\/omchosting.com\/dev\/zactranz-old\/wp-content\/uploads\/2021\/01\/loading-docks-export-concept-PREPQYM-1.jpg\"><div class=\"image-container\"><img width=\"1200\" height=\"800\" src=\"https:\/\/omchosting.com\/dev\/zactranz-old\/wp-content\/uploads\/2021\/01\/loading-docks-export-concept-PREPQYM-1.jpg\" alt=\"\"><\/div><\/a><\/div><\/div><\/div><div class=\"et-item gallery\"><div class=\"et-item-inner et-clearfix\"><div class=\"overlay-hover\"><a title=\"\" data-lightbox-gallery=\"gallery-image1\" href=\"https:\/\/omchosting.com\/dev\/zactranz-old\/wp-content\/uploads\/2020\/12\/Zac-Tranz_Truck-on-road_1200x800px.jpg\"><div class=\"image-container\"><img width=\"1200\" height=\"800\" src=\"https:\/\/omchosting.com\/dev\/zactranz-old\/wp-content\/uploads\/2020\/12\/Zac-Tranz_Truck-on-road_1200x800px.jpg\" alt=\"\"><\/div><\/a><\/div><\/div><\/div><div class=\"et-item gallery\"><div class=\"et-item-inner et-clearfix\"><div class=\"overlay-hover\"><a title=\"Image Source: https:\/\/www.cpr.ca\/en\/media\/photos\" data-lightbox-gallery=\"gallery-image1\" title=\"Image Source: https:\/\/www.cpr.ca\/en\/media\/photos\" href=\"https:\/\/omchosting.com\/dev\/zactranz-old\/wp-content\/uploads\/2020\/11\/logistic2.jpg\"><div class=\"image-container\"><img width=\"1200\" height=\"800\" src=\"https:\/\/omchosting.com\/dev\/zactranz-old\/wp-content\/uploads\/2020\/11\/logistic2.jpg\" alt=\"Image Source: https:\/\/www.cpr.ca\/en\/media\/photos\"><\/div><\/a><\/div><\/div><\/div><div class=\"et-item gallery\"><div class=\"et-item-inner et-clearfix\"><div class=\"overlay-hover\"><a title=\"\" data-lightbox-gallery=\"gallery-image1\" href=\"https:\/\/omchosting.com\/dev\/zactranz-old\/wp-content\/uploads\/2021\/01\/loading-to-the-aircraft-PPSSYVL.jpg\"><div class=\"image-container\"><img width=\"1200\" height=\"800\" src=\"https:\/\/omchosting.com\/dev\/zactranz-old\/wp-content\/uploads\/2021\/01\/loading-to-the-aircraft-PPSSYVL.jpg\" alt=\"\"><\/div><\/a><\/div><\/div><\/div><div class=\"et-item gallery\"><div class=\"et-item-inner et-clearfix\"><div class=\"overlay-hover\"><a title=\"\" data-lightbox-gallery=\"gallery-image1\" href=\"https:\/\/omchosting.com\/dev\/zactranz-old\/wp-content\/uploads\/2020\/11\/pexels-david-dibert-1117210.jpg\"><div class=\"image-container\"><img width=\"1200\" height=\"800\" src=\"https:\/\/omchosting.com\/dev\/zactranz-old\/wp-content\/uploads\/2020\/11\/pexels-david-dibert-1117210.jpg\" alt=\"\"><\/div><\/a><\/div><\/div><\/div><\/div><\/div>[\/vc_column][\/vc_row][vc_row full_width=&#8221;stretch_row_content&#8221; gap=&#8221;0&#8243; css=&#8221;.vc_custom_1606808963827{padding-top: 1% !important;padding-right: 3% !important;padding-bottom: 1.7% !important;padding-left: 3% !important;background-color: #000000 !important;}&#8221; el_class=&#8221;quoteformsection&#8221;][vc_column][vc_custom_heading text=&#8221;Zac-Tranz offre un service inspir\u00e9 par la s\u00e9curit\u00e9&#8221; font_container=&#8221;tag:h3|font_size:30px|text_align:center|color:%23ff801d|line_height:56px&#8221; use_theme_fonts=&#8221;yes&#8221; el_class=&#8221;letter-spacing-50 feature-title&#8221; css=&#8221;.vc_custom_1615387211842{margin-bottom: -20px !important;}&#8221;][vc_custom_heading text=&#8221;Int\u00e9ress\u00e9 d\u2019obtenir un devis ?&#8221; font_container=&#8221;tag:h3|font_size:30px|text_align:center|color:%23ffffff|line_height:56px&#8221; use_theme_fonts=&#8221;yes&#8221; el_class=&#8221;letter-spacing-50 feature-title&#8221; css=&#8221;.vc_custom_1615387223244{margin-bottom: 0px !important;}&#8221;]<div class=\"gap et-clearfix \" style=\"height:10px\"><\/div>[vc_column_text el_class=&#8221;feature-text-left&#8221; css=&#8221;.vc_custom_1615387241684{margin-bottom: -15px !important;}&#8221;]<\/p>\n<p style=\"font-weight: 400; text-align: center; color: white;\">Remplissez les informations ci-dessous et nous vous contacterons pendant les heures ouvrables normales avec un devis.<\/p>\n<p>[\/vc_column_text]<div role=\"form\" class=\"wpcf7\" id=\"wpcf7-f15905-o1\" lang=\"en-US\" dir=\"ltr\">\n<div class=\"screen-reader-response\" aria-live=\"polite\"><\/div>\n<form action=\"\/dev\/zactranz-old\/wp-json\/wp\/v2\/pages\/16221#wpcf7-f15905-o1\" method=\"post\" class=\"wpcf7-form\" novalidate=\"novalidate\">\n<div style=\"display: none;\">\n<input type=\"hidden\" name=\"_wpcf7\" value=\"15905\" \/>\n<input type=\"hidden\" name=\"_wpcf7_version\" value=\"5.1.9\" \/>\n<input type=\"hidden\" name=\"_wpcf7_locale\" value=\"en_US\" \/>\n<input type=\"hidden\" name=\"_wpcf7_unit_tag\" value=\"wpcf7-f15905-o1\" \/>\n<input type=\"hidden\" name=\"_wpcf7_container_post\" value=\"0\" \/>\n<\/div>\n<div class=\"inline-row et-clearfix\" style=\"margin:0px;\"><br \/>\n<div class=\"inline-column et-clearfix\" style=\"width:16.66%; padding:0px 5px;\"><br \/>\n<label>Pr\u00e9nom*<br \/>\n<span class=\"wpcf7-form-control-wrap client-fname\"><input type=\"text\" name=\"client-fname\" value=\"\" size=\"40\" class=\"wpcf7-form-control wpcf7-text wpcf7-validates-as-required\" aria-required=\"true\" aria-invalid=\"false\" \/><\/span><\/label><\/div>\n<div class=\"inline-column et-clearfix\" style=\"width:16.66%; padding:0px 5px;\"><br \/>\n<label>Nom de famille*<br \/>\n<span class=\"wpcf7-form-control-wrap client-lname\"><input type=\"text\" name=\"client-lname\" value=\"\" size=\"40\" class=\"wpcf7-form-control wpcf7-text wpcf7-validates-as-required\" aria-required=\"true\" aria-invalid=\"false\" \/><\/span><\/label><\/div>\n<div class=\"inline-column et-clearfix\" style=\"width:16.66%; padding:0px 5px;\"><br \/>\n<label>Nom de la compagnie*<br \/>\n<span class=\"wpcf7-form-control-wrap comapnay-name\"><input type=\"text\" name=\"comapnay-name\" value=\"\" size=\"40\" class=\"wpcf7-form-control wpcf7-text wpcf7-validates-as-required\" aria-required=\"true\" aria-invalid=\"false\" \/><\/span><\/label><\/div>\n<div class=\"inline-column et-clearfix\" style=\"width:16.66%; padding:0px 5px;\"><br \/>\n<label>Courriel*<br \/>\n<span class=\"wpcf7-form-control-wrap client-email\"><input type=\"email\" name=\"client-email\" value=\"\" size=\"40\" class=\"wpcf7-form-control wpcf7-text wpcf7-email wpcf7-validates-as-email\" aria-invalid=\"false\" \/><\/span><\/label><\/div>\n<div class=\"inline-column et-clearfix\" style=\"width:16.66%; padding:0px 5px;\"><br \/>\n<label>T\u00e9l\u00e9phone*<br \/>\n<span class=\"wpcf7-form-control-wrap tel-226\"><input type=\"tel\" name=\"tel-226\" value=\"\" size=\"40\" class=\"wpcf7-form-control wpcf7-text wpcf7-tel wpcf7-validates-as-required wpcf7-validates-as-tel\" aria-required=\"true\" aria-invalid=\"false\" \/><\/span><\/label><\/div>\n<div class=\"inline-column et-clearfix\" style=\"width:16.66%; padding:0px 5px;\"><br \/>\n<label>Code postal \/ ZIP<br \/>\n<span class=\"wpcf7-form-control-wrap client-postalcodep\"><input type=\"text\" name=\"client-postalcodep\" value=\"\" size=\"40\" class=\"wpcf7-form-control wpcf7-text\" aria-invalid=\"false\" \/><\/span><\/label><\/div>\n<div class=\"inline-column et-clearfix\" style=\"width:16.66%; padding:0px 5px;\"><br \/>\n<label>Services s\u00e9lectionn\u00e9s<br \/>\n<span class=\"wpcf7-form-control-wrap servjices-requested\"><select name=\"servjices-requested\" class=\"wpcf7-form-control wpcf7-select\" aria-invalid=\"false\"><option value=\"factage et transbordement\">factage et transbordement<\/option><option value=\"Intermodal\">Intermodal<\/option><option value=\"Autoroute\">Autoroute<\/option><option value=\"Transfrontalier\">Transfrontalier<\/option><option value=\"Entreposage et distribution\">Entreposage et distribution<\/option><option value=\"Logistique mondiale\">Logistique mondiale<\/option><\/select><\/span><\/label><\/div>\n<div class=\"inline-column et-clearfix\" style=\"width:83.34%; padding:0px 5px;\"><br \/>\n<label>Laissez-nous un message<br \/>\n<span class=\"wpcf7-form-control-wrap text-494\"><input type=\"text\" name=\"text-494\" value=\"\" size=\"40\" class=\"wpcf7-form-control wpcf7-text\" aria-invalid=\"false\" \/><\/span><\/label><\/div>\n<div class=\"inline-column et-clearfix\" style=\"width:100%; padding:0px;\"><center><input type=\"submit\" value=\"Envoyer\" class=\"wpcf7-form-control wpcf7-submit\" \/><\/center><\/div><\/div>\n<div class=\"wpcf7-response-output wpcf7-display-none\" aria-hidden=\"true\"><\/div><\/form><\/div>[\/vc_column][\/vc_row]<\/p>\n","protected":false},"excerpt":{"rendered":"<p>Leverage agile frameworks to provide a robust synopsis for high level overviews. Iterative approaches to corporate strategy foster collaborative thinking to further the overall value proposition. Organically grow the holistic world view of disruptive innovation via workplace diversity and empowerment.<\/p>\n","protected":false},"author":1,"featured_media":0,"parent":0,"menu_order":0,"comment_status":"closed","ping_status":"closed","template":"page-vc.php","meta":{"inline_featured_image":false},"_links":{"self":[{"href":"https:\/\/omchosting.com\/dev\/zactranz-old\/wp-json\/wp\/v2\/pages\/16221"}],"collection":[{"href":"https:\/\/omchosting.com\/dev\/zactranz-old\/wp-json\/wp\/v2\/pages"}],"about":[{"href":"https:\/\/omchosting.com\/dev\/zactranz-old\/wp-json\/wp\/v2\/types\/page"}],"author":[{"embeddable":true,"href":"https:\/\/omchosting.com\/dev\/zactranz-old\/wp-json\/wp\/v2\/users\/1"}],"replies":[{"embeddable":true,"href":"https:\/\/omchosting.com\/dev\/zactranz-old\/wp-json\/wp\/v2\/comments?post=16221"}],"version-history":[{"count":5,"href":"https:\/\/omchosting.com\/dev\/zactranz-old\/wp-json\/wp\/v2\/pages\/16221\/revisions"}],"predecessor-version":[{"id":16422,"href":"https:\/\/omchosting.com\/dev\/zactranz-old\/wp-json\/wp\/v2\/pages\/16221\/revisions\/16422"}],"wp:attachment":[{"href":"https:\/\/omchosting.com\/dev\/zactranz-old\/wp-json\/wp\/v2\/media?parent=16221"}],"curies":[{"name":"wp","href":"https:\/\/api.w.org\/{rel}","templated":true}]}}