{"id":16135,"date":"2018-02-28T07:12:22","date_gmt":"2018-02-28T07:12:22","guid":{"rendered":"http:\/\/www.zac-tranz.com\/drayage\/"},"modified":"2021-03-18T09:11:20","modified_gmt":"2021-03-18T09:11:20","slug":"drayage","status":"publish","type":"page","link":"https:\/\/omchosting.com\/dev\/zactranz-old\/drayage\/?lang=fr","title":{"rendered":"Factage"},"content":{"rendered":"<p>[vc_row css=&#8221;.vc_custom_1605599422745{padding-top: 120px !important;padding-bottom: 20px !important;}&#8221;][vc_column width=&#8221;1\/6&#8243;][\/vc_column][vc_column width=&#8221;2\/3&#8243;][vc_custom_heading text=&#8221;Factage&#8221; font_container=&#8221;tag:h3|font_size:30px|text_align:left|line_height:56px&#8221; use_theme_fonts=&#8221;yes&#8221; el_class=&#8221;letter-spacing-50 feature-title&#8221; css=&#8221;.vc_custom_1615384549101{margin-bottom: 0px !important;}&#8221;]<div class=\"gap et-clearfix \" style=\"height:32px\"><\/div>[vc_column_text el_class=&#8221;feature-text-left&#8221;]Zac-Tranz g\u00e8re efficacement et en toute transparence le transport de vos conteneurs maritimes vers et depuis les principaux ports, d\u00e9p\u00f4ts de rails et centres de distribution \u00e0 travers le pays avec un service rapide et pr\u00e9cis.<\/p>\n<p>Nous avons la capacit\u00e9 d&#8217;\u00e9voluer pour r\u00e9pondre \u00e0 vos besoins, des solutions pour les marchandises sensibles \u00e0 la temp\u00e9rature et des r\u00e9partiteurs toujours disponibles pour vous. Notre r\u00e9seau pancanadien est \u00e9quip\u00e9 pour transporter \u00e0 peu pr\u00e8s tout type de fret.<\/p>\n<p>Les services de factage de conteneurs de Zac-Tranz font partie de notre plus large portefeuille de services compl\u00e9mentaires, y compris le transbordement, l\u2019entreposage et la logistique, entre autres, nous pouvons certainement fournir une solution nationale pour vos besoins de transport.[\/vc_column_text]<div class=\"gap et-clearfix \" style=\"height:20px\"><\/div>[vc_column_text el_class=&#8221;feature-text-left&#8221;]<\/p>\n<p style=\"font-weight: 400;\"><strong>Factage intermodal de conteneurs (ferm\u00e9 ou r\u00e9frig\u00e9r\u00e9)<\/strong><\/p>\n<p>[\/vc_column_text]<ul class=\"et-list-icon full medium\"><li style=\"margin-bottom:24px;\"><div class=\"icon-wrap\"><div class=\"icon medium\" style=\"color:#fd8c40;box-shadow:inset 0 0 0 3px #fd8c40;border-radius:100px;\"><span class=\"medium fa fa-check\"><\/span><\/div><\/div><div>Votre envoi est entre de bonnes mains que ce soit sur la route ou dans l&#8217;un de nos terminaux s\u00e9curis\u00e9s.<\/div><\/li><li style=\"margin-bottom:24px;\"><div class=\"icon-wrap\"><div class=\"icon medium\" style=\"color:#fd8c40;box-shadow:inset 0 0 0 3px #fd8c40;border-radius:100px;\"><span class=\"medium fa fa-check\"><\/span><\/div><\/div><div>Notre d\u00e9partement intermodal se consacre \u00e0 r\u00e9pondre \u00e0 toutes vos exigences en mati\u00e8re de camionnage.<\/div><\/li><li style=\"margin-bottom:24px;\"><div class=\"icon-wrap\"><div class=\"icon medium\" style=\"color:#fd8c40;box-shadow:inset 0 0 0 3px #fd8c40;border-radius:100px;\"><span class=\"medium fa fa-check\"><\/span><\/div><\/div><div>\u00c9quip\u00e9 de ch\u00e2ssis porte-conteneurs extensibles de 20 pi, 40 pi et 53 pi (en tandem et tridem) et de ch\u00e2ssis B-Train invers\u00e9s.<\/div><\/li><li style=\"margin-bottom:24px;\"><div class=\"icon-wrap\"><div class=\"icon medium\" style=\"color:#fd8c40;box-shadow:inset 0 0 0 3px #fd8c40;border-radius:100px;\"><span class=\"medium fa fa-check\"><\/span><\/div><\/div><div>Plus de 500 camions et ch\u00e2ssis disponibles et sur la route quotidiennement pour r\u00e9pondre \u00e0 vos besoins de factage (transport de conteneurs) partout au Canada.<\/div><\/li><li style=\"margin-bottom:24px;\"><div class=\"icon-wrap\"><div class=\"icon medium\" style=\"color:#fd8c40;box-shadow:inset 0 0 0 3px #fd8c40;border-radius:100px;\"><span class=\"medium fa fa-check\"><\/span><\/div><\/div><div>Des rails aux routes, comptez sur nous pour rationaliser pour vous l&#8217;ensemble du processus de conversion intermodale<\/div><\/li><li style=\"margin-bottom:24px;\"><div class=\"icon-wrap\"><div class=\"icon medium\" style=\"color:#fd8c40;box-shadow:inset 0 0 0 3px #fd8c40;border-radius:100px;\"><span class=\"medium fa fa-check\"><\/span><\/div><\/div><div>Votre fret peut \u00eatre d\u00e9consolid\u00e9 dans nos installations, livr\u00e9 aux centres de distribution ou directement aux d\u00e9taillants.<\/div><\/li><li style=\"margin-bottom:24px;\"><div class=\"icon-wrap\"><div class=\"icon medium\" style=\"color:#fd8c40;box-shadow:inset 0 0 0 3px #fd8c40;border-radius:100px;\"><span class=\"medium fa fa-check\"><\/span><\/div><\/div><div>Flexible et comp\u00e9tent pour travailler au sein de vos syst\u00e8mes d&#8217;exploitation et structures de rapports.<\/div><\/li><li style=\"margin-bottom:24px;\"><div class=\"icon-wrap\"><div class=\"icon medium\" style=\"color:#fd8c40;box-shadow:inset 0 0 0 3px #fd8c40;border-radius:100px;\"><span class=\"medium fa fa-check\"><\/span><\/div><\/div><div>Alertes par courriel, confirmation des livraisons et capacit\u00e9s EDI compl\u00e8tes.<\/div><\/li><\/ul>[\/vc_column][vc_column width=&#8221;1\/6&#8243;][\/vc_column][\/vc_row][vc_row full_width=&#8221;stretch_row_content&#8221; gap=&#8221;0&#8243;][vc_column]<div class=\"et-plain-gallery-wrapper\"><div id=\"plain-gallery-1\" data-columns=\"4\" class=\"plain-gallery loop-gallery owl-carousel effect-type-sequential effect-none overlay-none et-item-set et-clearfix\"><div class=\"et-item gallery\"><div class=\"et-item-inner et-clearfix\"><div class=\"overlay-hover\"><a title=\"\" data-lightbox-gallery=\"gallery-image1\" href=\"https:\/\/omchosting.com\/dev\/zactranz-old\/wp-content\/uploads\/2020\/12\/Drayage-2v2.jpg\"><div class=\"image-container\"><img width=\"1920\" height=\"1280\" src=\"https:\/\/omchosting.com\/dev\/zactranz-old\/wp-content\/uploads\/2020\/12\/Drayage-2v2.jpg\" alt=\"\"><\/div><\/a><\/div><\/div><\/div><div class=\"et-item gallery\"><div class=\"et-item-inner et-clearfix\"><div class=\"overlay-hover\"><a title=\"\" data-lightbox-gallery=\"gallery-image1\" href=\"https:\/\/omchosting.com\/dev\/zactranz-old\/wp-content\/uploads\/2020\/12\/drayage2.jpg\"><div class=\"image-container\"><img width=\"1200\" height=\"800\" src=\"https:\/\/omchosting.com\/dev\/zactranz-old\/wp-content\/uploads\/2020\/12\/drayage2.jpg\" alt=\"\"><\/div><\/a><\/div><\/div><\/div><div class=\"et-item gallery\"><div class=\"et-item-inner et-clearfix\"><div class=\"overlay-hover\"><a title=\"\" data-lightbox-gallery=\"gallery-image1\" href=\"https:\/\/omchosting.com\/dev\/zactranz-old\/wp-content\/uploads\/2020\/12\/drayage3.jpg\"><div class=\"image-container\"><img width=\"1200\" height=\"800\" src=\"https:\/\/omchosting.com\/dev\/zactranz-old\/wp-content\/uploads\/2020\/12\/drayage3.jpg\" alt=\"\"><\/div><\/a><\/div><\/div><\/div><div class=\"et-item gallery\"><div class=\"et-item-inner et-clearfix\"><div class=\"overlay-hover\"><a title=\"\" data-lightbox-gallery=\"gallery-image1\" href=\"https:\/\/omchosting.com\/dev\/zactranz-old\/wp-content\/uploads\/2020\/12\/drayagetruck.jpg\"><div class=\"image-container\"><img width=\"1200\" height=\"800\" src=\"https:\/\/omchosting.com\/dev\/zactranz-old\/wp-content\/uploads\/2020\/12\/drayagetruck.jpg\" alt=\"\"><\/div><\/a><\/div><\/div><\/div><\/div><\/div>[\/vc_column][\/vc_row][vc_row full_width=&#8221;stretch_row_content&#8221; gap=&#8221;0&#8243; css=&#8221;.vc_custom_1606808946142{padding-top: 1% !important;padding-right: 3% !important;padding-bottom: 1.7% !important;padding-left: 3% !important;background-color: #000000 !important;}&#8221; el_class=&#8221;quoteformsection&#8221;][vc_column][vc_custom_heading text=&#8221;Zac-Tranz offre un service inspir\u00e9 par la s\u00e9curit\u00e9&#8221; font_container=&#8221;tag:h3|font_size:30px|text_align:center|color:%23ff801d|line_height:56px&#8221; use_theme_fonts=&#8221;yes&#8221; el_class=&#8221;letter-spacing-50 feature-title&#8221; css=&#8221;.vc_custom_1615384653275{margin-bottom: -20px !important;}&#8221;][vc_custom_heading text=&#8221;Int\u00e9ress\u00e9 d\u2019obtenir un devis ?&#8221; font_container=&#8221;tag:h3|font_size:30px|text_align:center|color:%23ffffff|line_height:56px&#8221; use_theme_fonts=&#8221;yes&#8221; el_class=&#8221;letter-spacing-50 feature-title&#8221; css=&#8221;.vc_custom_1615384666238{margin-bottom: 0px !important;}&#8221;]<div class=\"gap et-clearfix \" style=\"height:10px\"><\/div>[vc_column_text el_class=&#8221;feature-text-left&#8221; css=&#8221;.vc_custom_1615384685308{margin-bottom: -15px !important;}&#8221;]<\/p>\n<p style=\"font-weight: 400; text-align: center; color: white;\">Remplissez les informations ci-dessous et nous vous contacterons pendant les heures ouvrables normales avec un devis.<\/p>\n<p>[\/vc_column_text]<div role=\"form\" class=\"wpcf7\" id=\"wpcf7-f15905-o1\" lang=\"en-US\" dir=\"ltr\">\n<div class=\"screen-reader-response\" aria-live=\"polite\"><\/div>\n<form action=\"\/dev\/zactranz-old\/wp-json\/wp\/v2\/pages\/16135#wpcf7-f15905-o1\" method=\"post\" class=\"wpcf7-form\" novalidate=\"novalidate\">\n<div style=\"display: none;\">\n<input type=\"hidden\" name=\"_wpcf7\" value=\"15905\" \/>\n<input type=\"hidden\" name=\"_wpcf7_version\" value=\"5.1.9\" \/>\n<input type=\"hidden\" name=\"_wpcf7_locale\" value=\"en_US\" \/>\n<input type=\"hidden\" name=\"_wpcf7_unit_tag\" value=\"wpcf7-f15905-o1\" \/>\n<input type=\"hidden\" name=\"_wpcf7_container_post\" value=\"0\" \/>\n<\/div>\n<div class=\"inline-row et-clearfix\" style=\"margin:0px;\"><br \/>\n<div class=\"inline-column et-clearfix\" style=\"width:16.66%; padding:0px 5px;\"><br \/>\n<label>Pr\u00e9nom*<br \/>\n<span class=\"wpcf7-form-control-wrap client-fname\"><input type=\"text\" name=\"client-fname\" value=\"\" size=\"40\" class=\"wpcf7-form-control wpcf7-text wpcf7-validates-as-required\" aria-required=\"true\" aria-invalid=\"false\" \/><\/span><\/label><\/div>\n<div class=\"inline-column et-clearfix\" style=\"width:16.66%; padding:0px 5px;\"><br \/>\n<label>Nom de famille*<br \/>\n<span class=\"wpcf7-form-control-wrap client-lname\"><input type=\"text\" name=\"client-lname\" value=\"\" size=\"40\" class=\"wpcf7-form-control wpcf7-text wpcf7-validates-as-required\" aria-required=\"true\" aria-invalid=\"false\" \/><\/span><\/label><\/div>\n<div class=\"inline-column et-clearfix\" style=\"width:16.66%; padding:0px 5px;\"><br \/>\n<label>Nom de la compagnie*<br \/>\n<span class=\"wpcf7-form-control-wrap comapnay-name\"><input type=\"text\" name=\"comapnay-name\" value=\"\" size=\"40\" class=\"wpcf7-form-control wpcf7-text wpcf7-validates-as-required\" aria-required=\"true\" aria-invalid=\"false\" \/><\/span><\/label><\/div>\n<div class=\"inline-column et-clearfix\" style=\"width:16.66%; padding:0px 5px;\"><br \/>\n<label>Courriel*<br \/>\n<span class=\"wpcf7-form-control-wrap client-email\"><input type=\"email\" name=\"client-email\" value=\"\" size=\"40\" class=\"wpcf7-form-control wpcf7-text wpcf7-email wpcf7-validates-as-email\" aria-invalid=\"false\" \/><\/span><\/label><\/div>\n<div class=\"inline-column et-clearfix\" style=\"width:16.66%; padding:0px 5px;\"><br \/>\n<label>T\u00e9l\u00e9phone*<br \/>\n<span class=\"wpcf7-form-control-wrap tel-226\"><input type=\"tel\" name=\"tel-226\" value=\"\" size=\"40\" class=\"wpcf7-form-control wpcf7-text wpcf7-tel wpcf7-validates-as-required wpcf7-validates-as-tel\" aria-required=\"true\" aria-invalid=\"false\" \/><\/span><\/label><\/div>\n<div class=\"inline-column et-clearfix\" style=\"width:16.66%; padding:0px 5px;\"><br \/>\n<label>Code postal \/ ZIP<br \/>\n<span class=\"wpcf7-form-control-wrap client-postalcodep\"><input type=\"text\" name=\"client-postalcodep\" value=\"\" size=\"40\" class=\"wpcf7-form-control wpcf7-text\" aria-invalid=\"false\" \/><\/span><\/label><\/div>\n<div class=\"inline-column et-clearfix\" style=\"width:16.66%; padding:0px 5px;\"><br \/>\n<label>Services s\u00e9lectionn\u00e9s<br \/>\n<span class=\"wpcf7-form-control-wrap servjices-requested\"><select name=\"servjices-requested\" class=\"wpcf7-form-control wpcf7-select\" aria-invalid=\"false\"><option value=\"factage et transbordement\">factage et transbordement<\/option><option value=\"Intermodal\">Intermodal<\/option><option value=\"Autoroute\">Autoroute<\/option><option value=\"Transfrontalier\">Transfrontalier<\/option><option value=\"Entreposage et distribution\">Entreposage et distribution<\/option><option value=\"Logistique mondiale\">Logistique mondiale<\/option><\/select><\/span><\/label><\/div>\n<div class=\"inline-column et-clearfix\" style=\"width:83.34%; padding:0px 5px;\"><br \/>\n<label>Laissez-nous un message<br \/>\n<span class=\"wpcf7-form-control-wrap text-494\"><input type=\"text\" name=\"text-494\" value=\"\" size=\"40\" class=\"wpcf7-form-control wpcf7-text\" aria-invalid=\"false\" \/><\/span><\/label><\/div>\n<div class=\"inline-column et-clearfix\" style=\"width:100%; padding:0px;\"><center><input type=\"submit\" value=\"Envoyer\" class=\"wpcf7-form-control wpcf7-submit\" \/><\/center><\/div><\/div>\n<div class=\"wpcf7-response-output wpcf7-display-none\" aria-hidden=\"true\"><\/div><\/form><\/div>[\/vc_column][\/vc_row]<\/p>\n","protected":false},"excerpt":{"rendered":"<p>Leverage agile frameworks to provide a robust synopsis for high level overviews. Iterative approaches to corporate strategy foster collaborative thinking to further the overall value proposition. Organically grow the holistic world view of disruptive innovation via workplace diversity and empowerment.<\/p>\n","protected":false},"author":1,"featured_media":0,"parent":0,"menu_order":0,"comment_status":"closed","ping_status":"closed","template":"page-vc.php","meta":{"inline_featured_image":false},"_links":{"self":[{"href":"https:\/\/omchosting.com\/dev\/zactranz-old\/wp-json\/wp\/v2\/pages\/16135"}],"collection":[{"href":"https:\/\/omchosting.com\/dev\/zactranz-old\/wp-json\/wp\/v2\/pages"}],"about":[{"href":"https:\/\/omchosting.com\/dev\/zactranz-old\/wp-json\/wp\/v2\/types\/page"}],"author":[{"embeddable":true,"href":"https:\/\/omchosting.com\/dev\/zactranz-old\/wp-json\/wp\/v2\/users\/1"}],"replies":[{"embeddable":true,"href":"https:\/\/omchosting.com\/dev\/zactranz-old\/wp-json\/wp\/v2\/comments?post=16135"}],"version-history":[{"count":4,"href":"https:\/\/omchosting.com\/dev\/zactranz-old\/wp-json\/wp\/v2\/pages\/16135\/revisions"}],"predecessor-version":[{"id":16459,"href":"https:\/\/omchosting.com\/dev\/zactranz-old\/wp-json\/wp\/v2\/pages\/16135\/revisions\/16459"}],"wp:attachment":[{"href":"https:\/\/omchosting.com\/dev\/zactranz-old\/wp-json\/wp\/v2\/media?parent=16135"}],"curies":[{"name":"wp","href":"https:\/\/api.w.org\/{rel}","templated":true}]}}