{"id":16081,"date":"2020-10-14T12:53:05","date_gmt":"2020-10-14T12:53:05","guid":{"rendered":"http:\/\/www.zac-tranz.com\/careers-and-opportunities\/"},"modified":"2021-03-10T15:24:44","modified_gmt":"2021-03-10T15:24:44","slug":"careers-and-opportunities","status":"publish","type":"page","link":"https:\/\/omchosting.com\/dev\/zactranz-old\/careers-and-opportunities\/?lang=fr","title":{"rendered":"Carri\u00e8res"},"content":{"rendered":"<p>[vc_section][vc_row css=&#8221;.vc_custom_1606396048858{padding-top: 72px !important;padding-bottom: 5px !important;}&#8221;][vc_column]<h1 class=\"et-highlight-title \" style=\"font-size:18px;font-weight:700;color:#9a9a9a;\" data-mobile-font=\"inherit\" data-tablet-font=\"inherit\"><span class=\"title-inner\">CARRI\u00c8RES ZAC-TRANZ<span class=\"highlight-line\" style=\"background-color:#ff801d;\"><\/span><\/span><\/h1>[vc_custom_heading text=&#8221;Commencez votre carri\u00e8re chez Zac-Tranz, postulez d\u00e8s aujourd&#8217;hui !&#8221; font_container=&#8221;tag:h3|font_size:48|text_align:left|line_height:50px&#8221; use_theme_fonts=&#8221;yes&#8221;][\/vc_column][\/vc_row][vc_row gap=&#8221;8&#8243; css=&#8221;.vc_custom_1615389750088{margin-top: 0px !important;padding-top: 0px !important;}&#8221;][vc_column]<div class=\"et-tab-wrapper\"><div id=\"et-tab-1\" class=\"et-tab center-false et-clearfix horizontal\"><div data-target=\"tab-zac-tranz\" class=\"active tab et-clearfix\"><h5 class=\"tab-title-tag\">Zac-Tranz<\/h5><\/div> <div id=\"tab-zac-tranz-1\" class=\"tab-content et-clearfix\">[vc_column_text]<\/p>\n<p style=\"font-size: 18px; line-height: 32px;\"><img class=\"alignright wp-image-14559 size-full\" src=\"http:\/\/www.zac-tranz.com\/wp-content\/uploads\/2020\/12\/Careers_1920px_v2.jpg\" alt=\"\" width=\"75%\" \/><\/p>\n<p>Lorsqu&#8217;il s&#8217;agit de recruter des professionnels, Zac-Tranz garde les choses simples. Aucun agent de ressources humaines sophistiqu\u00e9 qui a beaucoup de proc\u00e9dures juste un simple questionnaire, les cinq exigences les plus importantes. Ajoutez votre nom, courriel et num\u00e9ro de t\u00e9l\u00e9phone, puis r\u00e9pondez \u00e0 chaque question et cliquez sur Soumettre. Si le poste est ouvert, vous serez contact\u00e9 et invit\u00e9 \u00e0 soumettre votre curriculum vitae. Bonne chance et j&#8217;esp\u00e8re vous voir comme un fier membre de l&#8217;\u00e9quipe Zac-Tranz.<\/p>\n<p>Service inspir\u00e9 par la s\u00e9curit\u00e9.[\/vc_column_text]<\/div><div data-target=\"tab-conducteurs\" class=\"false tab et-clearfix\"><h5 class=\"tab-title-tag\">Conducteurs<\/h5><\/div> <div id=\"tab-conducteurs-2\" class=\"tab-content et-clearfix\">[vc_column_text]<\/p>\n<p class=\"m_1406293912440851971MsoListParagraph\"><div role=\"form\" class=\"wpcf7\" id=\"wpcf7-f16095-o1\" lang=\"en-US\" dir=\"ltr\">\n<div class=\"screen-reader-response\" aria-live=\"polite\"><\/div>\n<form action=\"\/dev\/zactranz-old\/wp-json\/wp\/v2\/pages\/16081#wpcf7-f16095-o1\" method=\"post\" class=\"wpcf7-form\" enctype=\"multipart\/form-data\" novalidate=\"novalidate\">\n<div style=\"display: none;\">\n<input type=\"hidden\" name=\"_wpcf7\" value=\"16095\" \/>\n<input type=\"hidden\" name=\"_wpcf7_version\" value=\"5.1.9\" \/>\n<input type=\"hidden\" name=\"_wpcf7_locale\" value=\"en_US\" \/>\n<input type=\"hidden\" name=\"_wpcf7_unit_tag\" value=\"wpcf7-f16095-o1\" \/>\n<input type=\"hidden\" name=\"_wpcf7_container_post\" value=\"0\" \/>\n<\/div>\n<p><label>Nom complet<span class=\"wpcf7-form-control-wrap your-name\"><input type=\"text\" name=\"your-name\" value=\"\" size=\"40\" class=\"wpcf7-form-control wpcf7-text wpcf7-validates-as-required\" aria-required=\"true\" aria-invalid=\"false\" \/><\/span> <\/label><br \/>\n<label>Courriel<span class=\"wpcf7-form-control-wrap your-email\"><input type=\"email\" name=\"your-email\" value=\"\" size=\"40\" class=\"wpcf7-form-control wpcf7-text wpcf7-email wpcf7-validates-as-required wpcf7-validates-as-email\" aria-required=\"true\" aria-invalid=\"false\" \/><\/span><\/label><br \/>\n<label>T\u00e9l\u00e9phone<span class=\"wpcf7-form-control-wrap your-phone\"><input type=\"tel\" name=\"your-phone\" value=\"\" size=\"40\" class=\"wpcf7-form-control wpcf7-text wpcf7-tel wpcf7-validates-as-required wpcf7-validates-as-tel\" aria-required=\"true\" aria-invalid=\"false\" \/><\/span><\/label><br \/>\n<label>\u00cates-vous motiv\u00e9 \u00e0 fournir un soutien administratif \u00e0 vos coll\u00e8gues ou \u00e0 une personne ?<span class=\"wpcf7-form-control-wrap q1-D\"><input type=\"text\" name=\"q1-D\" value=\"\" size=\"40\" class=\"wpcf7-form-control wpcf7-text wpcf7-validates-as-required\" aria-required=\"true\" aria-invalid=\"false\" \/><\/span> <\/label><br \/>\n<label>Connaissez-vous les rampes ferroviaires du Port de Montr\u00e9al, du CN et du CP ?<span class=\"wpcf7-form-control-wrap q2-D\"><input type=\"text\" name=\"q2-D\" value=\"\" size=\"40\" class=\"wpcf7-form-control wpcf7-text wpcf7-validates-as-required\" aria-required=\"true\" aria-invalid=\"false\" \/><\/span> <\/label><br \/>\n<label>\u00cates-vous capable de travailler au niveau local, r\u00e9gional, d\u00e9vou\u00e9 et acc\u00e9l\u00e9r\u00e9 ?<span class=\"wpcf7-form-control-wrap q3-D\"><input type=\"text\" name=\"q3-D\" value=\"\" size=\"40\" class=\"wpcf7-form-control wpcf7-text wpcf7-validates-as-required\" aria-required=\"true\" aria-invalid=\"false\" \/><\/span> <\/label><br \/>\n<label>Avez-vous les connaissances n\u00e9cessaires pour effectuer l'inspection m\u00e9canique du v\u00e9hicule et de l'\u00e9quipement, conform\u00e9ment \u00e0 la loi ?<span class=\"wpcf7-form-control-wrap q4-D\"><input type=\"text\" name=\"q4-D\" value=\"\" size=\"40\" class=\"wpcf7-form-control wpcf7-text wpcf7-validates-as-required\" aria-required=\"true\" aria-invalid=\"false\" \/><\/span> <\/label><br \/>\n<label>Avez-vous d\u00e9j\u00e0 utilis\u00e9 l'ELD (dispositif d'enregistrement \u00e9lectronique) ?<span class=\"wpcf7-form-control-wrap q5-D\"><input type=\"text\" name=\"q5-D\" value=\"\" size=\"40\" class=\"wpcf7-form-control wpcf7-text wpcf7-validates-as-required\" aria-required=\"true\" aria-invalid=\"false\" \/><\/span> <\/label><br \/>\n<label>T\u00e9l\u00e9charger votre CV<span class=\"wpcf7-form-control-wrap cv\"><input type=\"file\" name=\"cv\" size=\"40\" class=\"wpcf7-form-control wpcf7-file wpcf7-validates-as-required\" accept=\".doc,.docs,.pdf\" aria-required=\"true\" aria-invalid=\"false\" \/><\/span><\/label><br \/>\n<input type=\"submit\" value=\"Envoyer\" class=\"wpcf7-form-control wpcf7-submit\" \/><\/p>\n<div class=\"wpcf7-response-output wpcf7-display-none\" aria-hidden=\"true\"><\/div><\/form><\/div>\n<p>[\/vc_column_text]<\/div><div data-target=\"tab-administratif\" class=\"false tab et-clearfix\"><h5 class=\"tab-title-tag\">Administratif<\/h5><\/div> <div id=\"tab-administratif-3\" class=\"tab-content et-clearfix\">[vc_column_text]<\/p>\n<p style=\"font-size: 18px; line-height: 32px;\"><div role=\"form\" class=\"wpcf7\" id=\"wpcf7-f16096-o2\" lang=\"en-US\" dir=\"ltr\">\n<div class=\"screen-reader-response\" aria-live=\"polite\"><\/div>\n<form action=\"\/dev\/zactranz-old\/wp-json\/wp\/v2\/pages\/16081#wpcf7-f16096-o2\" method=\"post\" class=\"wpcf7-form\" enctype=\"multipart\/form-data\" novalidate=\"novalidate\">\n<div style=\"display: none;\">\n<input type=\"hidden\" name=\"_wpcf7\" value=\"16096\" \/>\n<input type=\"hidden\" name=\"_wpcf7_version\" value=\"5.1.9\" \/>\n<input type=\"hidden\" name=\"_wpcf7_locale\" value=\"en_US\" \/>\n<input type=\"hidden\" name=\"_wpcf7_unit_tag\" value=\"wpcf7-f16096-o2\" \/>\n<input type=\"hidden\" name=\"_wpcf7_container_post\" value=\"0\" \/>\n<\/div>\n<p><label>Nom complet<span class=\"wpcf7-form-control-wrap your-name\"><input type=\"text\" name=\"your-name\" value=\"\" size=\"40\" class=\"wpcf7-form-control wpcf7-text wpcf7-validates-as-required\" aria-required=\"true\" aria-invalid=\"false\" \/><\/span> <\/label><br \/>\n<label>Courriel<span class=\"wpcf7-form-control-wrap your-email\"><input type=\"email\" name=\"your-email\" value=\"\" size=\"40\" class=\"wpcf7-form-control wpcf7-text wpcf7-email wpcf7-validates-as-required wpcf7-validates-as-email\" aria-required=\"true\" aria-invalid=\"false\" \/><\/span><\/label><br \/>\n<label>T\u00e9l\u00e9phone<span class=\"wpcf7-form-control-wrap your-phone\"><input type=\"tel\" name=\"your-phone\" value=\"\" size=\"40\" class=\"wpcf7-form-control wpcf7-text wpcf7-tel wpcf7-validates-as-required wpcf7-validates-as-tel\" aria-required=\"true\" aria-invalid=\"false\" \/><\/span><\/label><br \/>\n<label>\u00cates-vous motiv\u00e9 \u00e0 fournir un soutien administratif \u00e0 vos coll\u00e8gues ou \u00e0 une personne ?<span class=\"wpcf7-form-control-wrap q1-A\"><input type=\"text\" name=\"q1-A\" value=\"\" size=\"40\" class=\"wpcf7-form-control wpcf7-text wpcf7-validates-as-required\" aria-required=\"true\" aria-invalid=\"false\" \/><\/span><\/label><br \/>\n<label>Avez-vous de l'exp\u00e9rience \u00e0 parler avec les clients et r\u00e9pondre aux appels ?<span class=\"wpcf7-form-control-wrap q2-A\"><input type=\"text\" name=\"q2-A\" value=\"\" size=\"40\" class=\"wpcf7-form-control wpcf7-text wpcf7-validates-as-required\" aria-required=\"true\" aria-invalid=\"false\" \/><\/span><\/label><br \/>\n<label>Avez-vous de l'exp\u00e9rience avec le travail de bureau, la tenue de dossiers et la saisie de donn\u00e9es?<span class=\"wpcf7-form-control-wrap q3-A\"><input type=\"text\" name=\"q3-A\" value=\"\" size=\"40\" class=\"wpcf7-form-control wpcf7-text wpcf7-validates-as-required\" aria-required=\"true\" aria-invalid=\"false\" \/><\/span><\/label><br \/>\n<label>Savez-vous comment utiliser la suite Microsoft Office?<span class=\"wpcf7-form-control-wrap q4-A\"><input type=\"text\" name=\"q4-A\" value=\"\" size=\"40\" class=\"wpcf7-form-control wpcf7-text wpcf7-validates-as-required\" aria-required=\"true\" aria-invalid=\"false\" \/><\/span><\/label><br \/>\n<label>Avez-vous de l'exp\u00e9rience en travail en \u00e9quipe?<span class=\"wpcf7-form-control-wrap q5-A\"><input type=\"text\" name=\"q5-A\" value=\"\" size=\"40\" class=\"wpcf7-form-control wpcf7-text wpcf7-validates-as-required\" aria-required=\"true\" aria-invalid=\"false\" \/><\/span><\/label><br \/>\n<label>T\u00e9l\u00e9charger votre CV<span class=\"wpcf7-form-control-wrap cv\"><input type=\"file\" name=\"cv\" size=\"40\" class=\"wpcf7-form-control wpcf7-file wpcf7-validates-as-required\" accept=\".doc,.docs,.pdf\" aria-required=\"true\" aria-invalid=\"false\" \/><\/span><\/label><br \/>\n<input type=\"submit\" value=\"Envoyer\" class=\"wpcf7-form-control wpcf7-submit\" \/><\/p>\n<div class=\"wpcf7-response-output wpcf7-display-none\" aria-hidden=\"true\"><\/div><\/form><\/div>\n<p>[\/vc_column_text]<\/div><div data-target=\"tab-service-clientele\" class=\"false tab et-clearfix\"><h5 class=\"tab-title-tag\">Service Client\u00e8le<\/h5><\/div> <div id=\"tab-service-clientele-4\" class=\"tab-content et-clearfix\">[vc_column_text]<div role=\"form\" class=\"wpcf7\" id=\"wpcf7-f16097-o3\" lang=\"en-US\" dir=\"ltr\">\n<div class=\"screen-reader-response\" aria-live=\"polite\"><\/div>\n<form action=\"\/dev\/zactranz-old\/wp-json\/wp\/v2\/pages\/16081#wpcf7-f16097-o3\" method=\"post\" class=\"wpcf7-form\" enctype=\"multipart\/form-data\" novalidate=\"novalidate\">\n<div style=\"display: none;\">\n<input type=\"hidden\" name=\"_wpcf7\" value=\"16097\" \/>\n<input type=\"hidden\" name=\"_wpcf7_version\" value=\"5.1.9\" \/>\n<input type=\"hidden\" name=\"_wpcf7_locale\" value=\"en_US\" \/>\n<input type=\"hidden\" name=\"_wpcf7_unit_tag\" value=\"wpcf7-f16097-o3\" \/>\n<input type=\"hidden\" name=\"_wpcf7_container_post\" value=\"0\" \/>\n<\/div>\n<p><label>Nom complet<span class=\"wpcf7-form-control-wrap your-name\"><input type=\"text\" name=\"your-name\" value=\"\" size=\"40\" class=\"wpcf7-form-control wpcf7-text wpcf7-validates-as-required\" aria-required=\"true\" aria-invalid=\"false\" \/><\/span> <\/label><br \/>\n<label>Courriel<span class=\"wpcf7-form-control-wrap your-email\"><input type=\"email\" name=\"your-email\" value=\"\" size=\"40\" class=\"wpcf7-form-control wpcf7-text wpcf7-email wpcf7-validates-as-required wpcf7-validates-as-email\" aria-required=\"true\" aria-invalid=\"false\" \/><\/span><\/label><br \/>\n<label>T\u00e9l\u00e9phone<span class=\"wpcf7-form-control-wrap your-phone\"><input type=\"tel\" name=\"your-phone\" value=\"\" size=\"40\" class=\"wpcf7-form-control wpcf7-text wpcf7-tel wpcf7-validates-as-required wpcf7-validates-as-tel\" aria-required=\"true\" aria-invalid=\"false\" \/><\/span><\/label><br \/>\n<label>Vous devez \u00eatre professionnel et courtois.<span class=\"wpcf7-form-control-wrap q1-CS\"><input type=\"text\" name=\"q1-CS\" value=\"\" size=\"40\" class=\"wpcf7-form-control wpcf7-text wpcf7-validates-as-required\" aria-required=\"true\" aria-invalid=\"false\" \/><\/span><\/label><br \/>\n<label>R\u00e9pondre rapidement et efficacement \u00e0 toutes les demandes des clients.<span class=\"wpcf7-form-control-wrap q2-CS\"><input type=\"text\" name=\"q2-CS\" value=\"\" size=\"40\" class=\"wpcf7-form-control wpcf7-text wpcf7-validates-as-required\" aria-required=\"true\" aria-invalid=\"false\" \/><\/span><\/label><br \/>\n<label>Avez-vous d\u00e9j\u00e0 effectu\u00e9 la saisie de donn\u00e9es et quels logiciels informatiques vous \u00eates familiers.<span class=\"wpcf7-form-control-wrap q3-CS\"><input type=\"text\" name=\"q3-CS\" value=\"\" size=\"40\" class=\"wpcf7-form-control wpcf7-text wpcf7-validates-as-required\" aria-required=\"true\" aria-invalid=\"false\" \/><\/span><\/label><br \/>\n<label>Vous devez avoir des connaissances en factage de conteneurs ou \u00eatre pr\u00eat \u00e0 apprendre avant d'occuper un poste.<span class=\"wpcf7-form-control-wrap q4-CS\"><input type=\"text\" name=\"q4-CS\" value=\"\" size=\"40\" class=\"wpcf7-form-control wpcf7-text wpcf7-validates-as-required\" aria-required=\"true\" aria-invalid=\"false\" \/><\/span><\/label><br \/>\n<label>O\u00f9 avez-vous acquis votre exp\u00e9rience en logistique?<span class=\"wpcf7-form-control-wrap q5-CS\"><input type=\"text\" name=\"q5-CS\" value=\"\" size=\"40\" class=\"wpcf7-form-control wpcf7-text wpcf7-validates-as-required\" aria-required=\"true\" aria-invalid=\"false\" \/><\/span><\/label><br \/>\n<label>Doit \u00eatre efficace et capable de travailler dans un environnement au rythme rapide.<span class=\"wpcf7-form-control-wrap q6-CS\"><input type=\"text\" name=\"q6-CS\" value=\"\" size=\"40\" class=\"wpcf7-form-control wpcf7-text wpcf7-validates-as-required\" aria-required=\"true\" aria-invalid=\"false\" \/><\/span><\/label><br \/>\n<label>T\u00e9l\u00e9charger votre CV<span class=\"wpcf7-form-control-wrap cv\"><input type=\"file\" name=\"cv\" size=\"40\" class=\"wpcf7-form-control wpcf7-file wpcf7-validates-as-required\" accept=\".doc,.docs,.pdf\" aria-required=\"true\" aria-invalid=\"false\" \/><\/span><\/label><br \/>\n<input type=\"submit\" value=\"Envoyer\" class=\"wpcf7-form-control wpcf7-submit\" \/><\/p>\n<div class=\"wpcf7-response-output wpcf7-display-none\" aria-hidden=\"true\"><\/div><\/form><\/div>[\/vc_column_text]<\/div><div data-target=\"tab-professionnels-repartition\" class=\"false tab et-clearfix\"><h5 class=\"tab-title-tag\">Professionnels r\u00e9partition<\/h5><\/div> <div id=\"tab-professionnels-repartition-5\" class=\"tab-content et-clearfix\">[vc_column_text]<div role=\"form\" class=\"wpcf7\" id=\"wpcf7-f16098-o4\" lang=\"en-US\" dir=\"ltr\">\n<div class=\"screen-reader-response\" aria-live=\"polite\"><\/div>\n<form action=\"\/dev\/zactranz-old\/wp-json\/wp\/v2\/pages\/16081#wpcf7-f16098-o4\" method=\"post\" class=\"wpcf7-form\" enctype=\"multipart\/form-data\" novalidate=\"novalidate\">\n<div style=\"display: none;\">\n<input type=\"hidden\" name=\"_wpcf7\" value=\"16098\" \/>\n<input type=\"hidden\" name=\"_wpcf7_version\" value=\"5.1.9\" \/>\n<input type=\"hidden\" name=\"_wpcf7_locale\" value=\"en_US\" \/>\n<input type=\"hidden\" name=\"_wpcf7_unit_tag\" value=\"wpcf7-f16098-o4\" \/>\n<input type=\"hidden\" name=\"_wpcf7_container_post\" value=\"0\" \/>\n<\/div>\n<p><label>Nom complet<span class=\"wpcf7-form-control-wrap your-name\"><input type=\"text\" name=\"your-name\" value=\"\" size=\"40\" class=\"wpcf7-form-control wpcf7-text wpcf7-validates-as-required\" aria-required=\"true\" aria-invalid=\"false\" \/><\/span> <\/label><br \/>\n<label>Courriel<span class=\"wpcf7-form-control-wrap your-email\"><input type=\"email\" name=\"your-email\" value=\"\" size=\"40\" class=\"wpcf7-form-control wpcf7-text wpcf7-email wpcf7-validates-as-required wpcf7-validates-as-email\" aria-required=\"true\" aria-invalid=\"false\" \/><\/span><\/label><br \/>\n<label>T\u00e9l\u00e9phone<span class=\"wpcf7-form-control-wrap your-phone\"><input type=\"tel\" name=\"your-phone\" value=\"\" size=\"40\" class=\"wpcf7-form-control wpcf7-text wpcf7-tel wpcf7-validates-as-required wpcf7-validates-as-tel\" aria-required=\"true\" aria-invalid=\"false\" \/><\/span><\/label><br \/>\n<label>Quelle exp\u00e9rience avez-vous dans la coordination et la gestion des chargements de fret pour rester rentable en tant qu'entreprise ?<span class=\"wpcf7-form-control-wrap q1-DP\"><input type=\"text\" name=\"q1-DP\" value=\"\" size=\"40\" class=\"wpcf7-form-control wpcf7-text wpcf7-validates-as-required\" aria-required=\"true\" aria-invalid=\"false\" \/><\/span><\/label><br \/>\n<label>\u00cates-vous en mesure de d\u00e9terminer et d'ex\u00e9cuter les meilleures m\u00e9thodes de livraison ?<span class=\"wpcf7-form-control-wrap q2-DP\"><input type=\"text\" name=\"q2-DP\" value=\"\" size=\"40\" class=\"wpcf7-form-control wpcf7-text wpcf7-validates-as-required\" aria-required=\"true\" aria-invalid=\"false\" \/><\/span><\/label><br \/>\n<label>Connaissez-vous les protocoles pour servir de point de contact fiable pour \u00e9quilibrer la sant\u00e9 et la s\u00e9curit\u00e9 des conducteurs avec les exigences des clients ?<span class=\"wpcf7-form-control-wrap q3-DP\"><input type=\"text\" name=\"q3-DP\" value=\"\" size=\"40\" class=\"wpcf7-form-control wpcf7-text wpcf7-validates-as-required\" aria-required=\"true\" aria-invalid=\"false\" \/><\/span><\/label><br \/>\n<label>Avez-vous d\u00e9j\u00e0 contr\u00f4l\u00e9 les rapports journaliers, les erreurs et les violations des conducteurs ?<span class=\"wpcf7-form-control-wrap q4-DP\"><input type=\"text\" name=\"q4-DP\" value=\"\" size=\"40\" class=\"wpcf7-form-control wpcf7-text wpcf7-validates-as-required\" aria-required=\"true\" aria-invalid=\"false\" \/><\/span><\/label><br \/>\n<label>Savez-vous comment suivre les exp\u00e9ditions et avez-vous une connaissance des op\u00e9rations administratives ?<span class=\"wpcf7-form-control-wrap q5-DP\"><input type=\"text\" name=\"q5-DP\" value=\"\" size=\"40\" class=\"wpcf7-form-control wpcf7-text wpcf7-validates-as-required\" aria-required=\"true\" aria-invalid=\"false\" \/><\/span><\/label><br \/>\n<label>Avez-vous une solide connaissance des lois sur le camionnage ?<span class=\"wpcf7-form-control-wrap q6-DP\"><input type=\"text\" name=\"q6-DP\" value=\"\" size=\"40\" class=\"wpcf7-form-control wpcf7-text wpcf7-validates-as-required\" aria-required=\"true\" aria-invalid=\"false\" \/><\/span><\/label><br \/>\n<label>T\u00e9l\u00e9charger votre CV<span class=\"wpcf7-form-control-wrap cv\"><input type=\"file\" name=\"cv\" size=\"40\" class=\"wpcf7-form-control wpcf7-file wpcf7-validates-as-required\" accept=\".doc,.docs,.pdf\" aria-required=\"true\" aria-invalid=\"false\" \/><\/span><\/label><br \/>\n<input type=\"submit\" value=\"Envoyer\" class=\"wpcf7-form-control wpcf7-submit\" \/><\/p>\n<div class=\"wpcf7-response-output wpcf7-display-none\" aria-hidden=\"true\"><\/div><\/form><\/div>[\/vc_column_text]<\/div><div data-target=\"tab-maintenance-et-reparation\" class=\"false tab et-clearfix\"><h5 class=\"tab-title-tag\">Maintenance et r\u00e9paration<\/h5><\/div> <div id=\"tab-maintenance-et-reparation-6\" class=\"tab-content et-clearfix\">[vc_column_text]<div role=\"form\" class=\"wpcf7\" id=\"wpcf7-f16099-o5\" lang=\"en-US\" dir=\"ltr\">\n<div class=\"screen-reader-response\" aria-live=\"polite\"><\/div>\n<form action=\"\/dev\/zactranz-old\/wp-json\/wp\/v2\/pages\/16081#wpcf7-f16099-o5\" method=\"post\" class=\"wpcf7-form\" enctype=\"multipart\/form-data\" novalidate=\"novalidate\">\n<div style=\"display: none;\">\n<input type=\"hidden\" name=\"_wpcf7\" value=\"16099\" \/>\n<input type=\"hidden\" name=\"_wpcf7_version\" value=\"5.1.9\" \/>\n<input type=\"hidden\" name=\"_wpcf7_locale\" value=\"en_US\" \/>\n<input type=\"hidden\" name=\"_wpcf7_unit_tag\" value=\"wpcf7-f16099-o5\" \/>\n<input type=\"hidden\" name=\"_wpcf7_container_post\" value=\"0\" \/>\n<\/div>\n<p><label>Nom complet<span class=\"wpcf7-form-control-wrap your-name\"><input type=\"text\" name=\"your-name\" value=\"\" size=\"40\" class=\"wpcf7-form-control wpcf7-text wpcf7-validates-as-required\" aria-required=\"true\" aria-invalid=\"false\" \/><\/span> <\/label><br \/>\n<label>Courriel<span class=\"wpcf7-form-control-wrap your-email\"><input type=\"email\" name=\"your-email\" value=\"\" size=\"40\" class=\"wpcf7-form-control wpcf7-text wpcf7-email wpcf7-validates-as-required wpcf7-validates-as-email\" aria-required=\"true\" aria-invalid=\"false\" \/><\/span><\/label><br \/>\n<label>T\u00e9l\u00e9phone<span class=\"wpcf7-form-control-wrap your-phone\"><input type=\"tel\" name=\"your-phone\" value=\"\" size=\"40\" class=\"wpcf7-form-control wpcf7-text wpcf7-tel wpcf7-validates-as-required wpcf7-validates-as-tel\" aria-required=\"true\" aria-invalid=\"false\" \/><\/span><\/label><br \/>\n<label>\u00cates-vous un m\u00e9canicien qualifi\u00e9 qui peut effectuer l'entretien courant des camions, des remorques et des ch\u00e2ssis ?<span class=\"wpcf7-form-control-wrap q1-MR\"><input type=\"text\" name=\"q1-MR\" value=\"\" size=\"40\" class=\"wpcf7-form-control wpcf7-text wpcf7-validates-as-required\" aria-required=\"true\" aria-invalid=\"false\" \/><\/span><\/label><br \/>\n<label>Connaissez-vous tous les points lors de l'inspection de diverses pi\u00e8ces de camions, y compris les syst\u00e8mes de freinage, le roulement de roue et le m\u00e9canisme de direction pour supporter un bon \u00e9tat de fonctionnement ?<span class=\"wpcf7-form-control-wrap q2-MR\"><input type=\"text\" name=\"q2-MR\" value=\"\" size=\"40\" class=\"wpcf7-form-control wpcf7-text wpcf7-validates-as-required\" aria-required=\"true\" aria-invalid=\"false\" \/><\/span><\/label><br \/>\n<label>Connaissez-vous les \u00e9quipements utilis\u00e9s pour diagnostiquer les dysfonctionnements tels que les ordinateurs portables et les tableaux des fabricants ?<span class=\"wpcf7-form-control-wrap q3-MR\"><input type=\"text\" name=\"q3-MR\" value=\"\" size=\"40\" class=\"wpcf7-form-control wpcf7-text wpcf7-validates-as-required\" aria-required=\"true\" aria-invalid=\"false\" \/><\/span><\/label><br \/>\n<label>D\u00e9tenez-vous les qualifications n\u00e9cessaires pour tester les v\u00e9hicules afin de vous assurer qu'ils fonctionnent correctement ?<span class=\"wpcf7-form-control-wrap q4-MR\"><input type=\"text\" name=\"q4-MR\" value=\"\" size=\"40\" class=\"wpcf7-form-control wpcf7-text wpcf7-validates-as-required\" aria-required=\"true\" aria-invalid=\"false\" \/><\/span><\/label><br \/>\n<label>Vous devez avoir connaissance des lois relatives \u00e0 l'entretien p\u00e9riodique et aux exigences.<span class=\"wpcf7-form-control-wrap q5-MR\"><input type=\"text\" name=\"q5-MR\" value=\"\" size=\"40\" class=\"wpcf7-form-control wpcf7-text wpcf7-validates-as-required\" aria-required=\"true\" aria-invalid=\"false\" \/><\/span><\/label><br \/>\n<label>\u00cates-vous capable de soulever r\u00e9guli\u00e8rement de l'\u00e9quipement lourd et des pi\u00e8ces ?<span class=\"wpcf7-form-control-wrap q6-MR\"><input type=\"text\" name=\"q6-MR\" value=\"\" size=\"40\" class=\"wpcf7-form-control wpcf7-text wpcf7-validates-as-required\" aria-required=\"true\" aria-invalid=\"false\" \/><\/span><\/label><br \/>\n<label>T\u00e9l\u00e9charger votre CV<span class=\"wpcf7-form-control-wrap cv\"><input type=\"file\" name=\"cv\" size=\"40\" class=\"wpcf7-form-control wpcf7-file wpcf7-validates-as-required\" accept=\".doc,.docs,.pdf\" aria-required=\"true\" aria-invalid=\"false\" \/><\/span><\/label><br \/>\n<input type=\"submit\" value=\"Envoyer\" class=\"wpcf7-form-control wpcf7-submit\" \/><\/p>\n<div class=\"wpcf7-response-output wpcf7-display-none\" aria-hidden=\"true\"><\/div><\/form><\/div>[\/vc_column_text]<\/div><\/div><\/div>[\/vc_column][\/vc_row][vc_row][vc_column][vc_empty_space height=&#8221;50px&#8221;][\/vc_column][\/vc_row][\/vc_section]<\/p>\n","protected":false},"excerpt":{"rendered":"<p>Leverage agile frameworks to provide a robust synopsis for high level overviews. Iterative approaches to corporate strategy foster collaborative thinking to further the overall value proposition. Organically grow the holistic world view of disruptive innovation via workplace diversity and empowerment.<\/p>\n","protected":false},"author":1,"featured_media":0,"parent":0,"menu_order":0,"comment_status":"closed","ping_status":"closed","template":"page-vc.php","meta":{"inline_featured_image":false},"_links":{"self":[{"href":"https:\/\/omchosting.com\/dev\/zactranz-old\/wp-json\/wp\/v2\/pages\/16081"}],"collection":[{"href":"https:\/\/omchosting.com\/dev\/zactranz-old\/wp-json\/wp\/v2\/pages"}],"about":[{"href":"https:\/\/omchosting.com\/dev\/zactranz-old\/wp-json\/wp\/v2\/types\/page"}],"author":[{"embeddable":true,"href":"https:\/\/omchosting.com\/dev\/zactranz-old\/wp-json\/wp\/v2\/users\/1"}],"replies":[{"embeddable":true,"href":"https:\/\/omchosting.com\/dev\/zactranz-old\/wp-json\/wp\/v2\/comments?post=16081"}],"version-history":[{"count":7,"href":"https:\/\/omchosting.com\/dev\/zactranz-old\/wp-json\/wp\/v2\/pages\/16081\/revisions"}],"predecessor-version":[{"id":16255,"href":"https:\/\/omchosting.com\/dev\/zactranz-old\/wp-json\/wp\/v2\/pages\/16081\/revisions\/16255"}],"wp:attachment":[{"href":"https:\/\/omchosting.com\/dev\/zactranz-old\/wp-json\/wp\/v2\/media?parent=16081"}],"curies":[{"name":"wp","href":"https:\/\/api.w.org\/{rel}","templated":true}]}}