{"id":15954,"date":"2018-06-14T09:33:25","date_gmt":"2018-06-14T09:33:25","guid":{"rendered":"http:\/\/www.zac-tranz.com\/servicess\/"},"modified":"2021-03-18T09:05:25","modified_gmt":"2021-03-18T09:05:25","slug":"servicess","status":"publish","type":"page","link":"https:\/\/omchosting.com\/dev\/zactranz-old\/servicess\/?lang=fr","title":{"rendered":"Services"},"content":{"rendered":"<p>[vc_row full_width=&#8221;stretch_row&#8221; content_placement=&#8221;middle&#8221; css=&#8221;.vc_custom_1606379040324{padding-top: 72px !important;padding-bottom: 72px !important;}&#8221;][vc_column]<h1 class=\"et-highlight-title \" style=\"font-size:18px;font-weight:700;color:#9a9a9a;\" data-mobile-font=\"inherit\" data-tablet-font=\"inherit\"><span class=\"title-inner\">SERVICES ZAC-TRANZ<span class=\"highlight-line\" style=\"background-color:#ff801d;\"><\/span><\/span><\/h1>[vc_custom_heading text=&#8221;Solutions de transport int\u00e9gr\u00e9es&#8221; font_container=&#8221;tag:h3|font_size:48|text_align:left|line_height:50px&#8221; use_theme_fonts=&#8221;yes&#8221;][\/vc_column][vc_column animation_delay=&#8221;0&#8243; offset=&#8221;vc_col-lg-6 vc_col-md-6 vc_col-xs-12&#8243;][vc_column_text css=&#8221;.vc_custom_1615374785185{margin-bottom: 0px !important;}&#8221;]<\/p>\n<p style=\"font-weight: 400;\">Un engagement \u00e0 fournir \u00e0 chaque client un service d\u00e9di\u00e9 de classe mondiale tout au long de chaque phase de votre cha\u00eene d&#8217;approvisionnement. Nous visons \u00e0 plaire et nous d\u00e9veloppons ensemble des solutions rentables pour toutes les exigences logistiques que vous pourriez avoir. Fi\u00e8rement au service de nos clients depuis plus de 2 d\u00e9cennies, Zac-tranz fournit des solutions personnalis\u00e9es en utilisant notre vaste flotte, nos centres d&#8217;entreposage et de distribution \u00e0 travers l&#8217;Am\u00e9rique du Nord.<\/p>\n<p>[\/vc_column_text]<div class=\"gap et-clearfix \" style=\"height:10px\"><\/div><ul class=\"et-list-icon full medium\"><li style=\"margin-bottom:24px;\"><div class=\"icon-wrap\"><div class=\"icon medium\" style=\"color:#fd8c40;box-shadow:inset 0 0 0 3px #fd8c40;border-radius:100px;\"><span class=\"medium fa fa-check\"><\/span><\/div><\/div><div>Responsable de compte d\u00e9sign\u00e9<\/div><\/li><li style=\"margin-bottom:24px;\"><div class=\"icon-wrap\"><div class=\"icon medium\" style=\"color:#fd8c40;box-shadow:inset 0 0 0 3px #fd8c40;border-radius:100px;\"><span class=\"medium fa fa-check\"><\/span><\/div><\/div><div>Couverture \u00e9tendue \u00e0 travers l&#8217;Am\u00e9rique du Nord<\/div><\/li><li style=\"margin-bottom:24px;\"><div class=\"icon-wrap\"><div class=\"icon medium\" style=\"color:#fd8c40;box-shadow:inset 0 0 0 3px #fd8c40;border-radius:100px;\"><span class=\"medium fa fa-check\"><\/span><\/div><\/div><div>Comptes-rendus sur indicateurs de performance (KPI) et suivi GPS<\/div><\/li><li style=\"margin-bottom:24px;\"><div class=\"icon-wrap\"><div class=\"icon medium\" style=\"color:#fd8c40;box-shadow:inset 0 0 0 3px #fd8c40;border-radius:100px;\"><span class=\"medium fa fa-check\"><\/span><\/div><\/div><div>Centres de stockage, d&#8217;entreposage et de distribution \u00e0 travers le Canada<\/div><\/li><li style=\"margin-bottom:24px;\"><div class=\"icon-wrap\"><div class=\"icon medium\" style=\"color:#fd8c40;box-shadow:inset 0 0 0 3px #fd8c40;border-radius:100px;\"><span class=\"medium fa fa-check\"><\/span><\/div><\/div><div>Record de s\u00fbret\u00e9 et de s\u00e9curit\u00e9 exceptionnel<\/div><\/li><li style=\"margin-bottom:24px;\"><div class=\"icon-wrap\"><div class=\"icon medium\" style=\"color:#fd8c40;box-shadow:inset 0 0 0 3px #fd8c40;border-radius:100px;\"><span class=\"medium fa fa-check\"><\/span><\/div><\/div><div>Livraison fiable \u00e0 temps<\/div><\/li><li style=\"margin-bottom:24px;\"><div class=\"icon-wrap\"><div class=\"icon medium\" style=\"color:#fd8c40;box-shadow:inset 0 0 0 3px #fd8c40;border-radius:100px;\"><span class=\"medium fa fa-check\"><\/span><\/div><\/div><div>365\/24\/7<\/div><\/li><\/ul>[\/vc_column][vc_column animation_delay=&#8221;0&#8243; offset=&#8221;vc_col-lg-6 vc_col-md-6 vc_col-xs-12&#8243;]<div data-curtain=\"false\" data-preloader=\"true\" data-decoration=\"true\" data-decoration-size=\"large\" data-animation-delay=\"0\" data-parallax=\"false\" data-coordinatex=\"0\" data-coordinatey=\"0\" data-speed=\"1\" class=\"et-custom-image  aligncenter overlay-none curtain-left\"><div class=\"overlay-hover\"><div class=\"image\"><div class=\"image-container\"><div class=\"image-loading\"><\/div><div class=\"image-preloader\"><\/div><img width=\"1127\" height=\"1280\" src=\"https:\/\/omchosting.com\/dev\/zactranz-old\/wp-content\/uploads\/2020\/12\/servicespagev3.jpg\" alt=\"\"><\/div><\/div><\/div><\/div>[\/vc_column][\/vc_row][vc_row full_width=&#8221;stretch_row&#8221; gap=&#8221;40&#8243; content_placement=&#8221;middle&#8221; css=&#8221;.vc_custom_1594303969473{padding-top: 72px !important;padding-bottom: 72px !important;background-color: #f5f5f5 !important;}&#8221;][vc_column animation_delay=&#8221;0&#8243; css=&#8221;.vc_custom_1594303812708{background-color: #f5f5f5 !important;}&#8221;][vc_row_inner][vc_column_inner]<h1 class=\"et-highlight-title \" style=\"font-size:18px;font-weight:700;color:#9a9a9a;\" data-mobile-font=\"inherit\" data-tablet-font=\"inherit\"><span class=\"title-inner\">TRANSACTION ZAC-TRANZ<span class=\"highlight-line\" style=\"background-color:#ff801d;\"><\/span><\/span><\/h1>[\/vc_column_inner][\/vc_row_inner][vc_custom_heading text=&#8221;Nos services&#8221; font_container=&#8221;tag:h3|font_size:48|text_align:left|line_height:50px&#8221; use_theme_fonts=&#8221;yes&#8221;][vc_row_inner gap=&#8221;2&#8243; equal_height=&#8221;yes&#8221; el_class=&#8221;nopevent serviceswidth&#8221;][vc_column_inner width=&#8221;1\/3&#8243;]<div class=\"et-image-content et-image-content-alt\"><a href=\"http:\/\/www.zac-tranz.com\/drayage\/?lang=fr\" target=\"_self\"><div class=\"image post-image\"><div class=\"image-container\"><img width=\"1200\" height=\"640\" src=\"https:\/\/omchosting.com\/dev\/zactranz-old\/wp-content\/uploads\/2020\/12\/deltaportdrayage-1200x640.jpg\" alt=\"\"><\/div><div class=\"post-image-overlay\" style=\"\"><div class=\"post-image-overlay-content text-align-center\"><\/div><\/div><\/div><\/a><\/div>[vc_column_text css=&#8221;.vc_custom_1616058143384{padding-top: 12px !important;padding-bottom: 12px !important;background-color: #ff801d !important;}&#8221;]<\/p>\n<p style=\"text-align: center; margin: 0px; width: 100%;\"><a style=\"color: #ffffff; margin: 0px; width: 100%;\" href=\"http:\/\/www.zac-tranz.com\/drayage\/?lang=fr\">FACTAGE<\/a><\/p>\n<p>[\/vc_column_text][\/vc_column_inner][vc_column_inner width=&#8221;1\/3&#8243;]<div class=\"et-image-content et-image-content-alt\"><a href=\"http:\/\/www.zac-tranz.com\/dedicated\/?lang=fr\" target=\"_self\"><div class=\"image post-image\"><div class=\"image-container\"><img width=\"1200\" height=\"640\" src=\"https:\/\/omchosting.com\/dev\/zactranz-old\/wp-content\/uploads\/2020\/11\/locomotive-3-1200x640.jpg\" alt=\"\"><\/div><div class=\"post-image-overlay\" style=\"\"><div class=\"post-image-overlay-content text-align-center\"><\/div><\/div><\/div><\/a><\/div>[vc_column_text css=&#8221;.vc_custom_1616058307986{padding-top: 12px !important;padding-bottom: 12px !important;background-color: #ff801d !important;}&#8221;]<\/p>\n<p style=\"color: #ffffff; text-align: center;\"><a style=\"color: #ffffff;\" href=\"http:\/\/www.zac-tranz.com\/dedicated\/?lang=fr\">INTERMODAL &#8211; D\u00c9DI\u00c9<\/a><\/p>\n<p>[\/vc_column_text][\/vc_column_inner][vc_column_inner width=&#8221;1\/3&#8243;]<div class=\"et-image-content et-image-content-alt\"><a href=\"http:\/\/www.zac-tranz.com\/logistics\/?lang=fr\" target=\"_self\"><div class=\"image post-image\"><div class=\"image-container\"><img width=\"1200\" height=\"640\" src=\"https:\/\/omchosting.com\/dev\/zactranz-old\/wp-content\/uploads\/2020\/12\/mapcropped-1200x640.jpg\" alt=\"\"><\/div><div class=\"post-image-overlay\" style=\"\"><div class=\"post-image-overlay-content text-align-center\"><\/div><\/div><\/div><\/a><\/div>[vc_column_text css=&#8221;.vc_custom_1616058180969{padding-top: 12px !important;padding-bottom: 12px !important;background-color: #ff801d !important;}&#8221;]<\/p>\n<p style=\"color: #ffffff; text-align: center;\"><a style=\"color: #ffffff;\" href=\"http:\/\/www.zac-tranz.com\/logistics\/?lang=fr\">LOGISTIQUE<\/a><\/p>\n<p>[\/vc_column_text][\/vc_column_inner][\/vc_row_inner][vc_row_inner gap=&#8221;2&#8243; equal_height=&#8221;yes&#8221; el_class=&#8221;nopevent serviceswidth2&#8243;][vc_column_inner width=&#8221;1\/3&#8243;]<div class=\"et-image-content et-image-content-alt\"><a href=\"http:\/\/www.zac-tranz.com\/warehouse\/?lang=fr\" target=\"_self\"><div class=\"image post-image\"><div class=\"image-container\"><img width=\"1200\" height=\"640\" src=\"https:\/\/omchosting.com\/dev\/zactranz-old\/wp-content\/uploads\/2020\/12\/warehousing_image-1200x640.jpg\" alt=\"\"><\/div><div class=\"post-image-overlay\" style=\"\"><div class=\"post-image-overlay-content text-align-center\"><\/div><\/div><\/div><\/a><\/div>[vc_column_text css=&#8221;.vc_custom_1616058323464{padding-top: 12px !important;padding-bottom: 12px !important;background-color: #ff801d !important;}&#8221;]<\/p>\n<p style=\"color: #ffffff; text-align: center;\"><a style=\"color: #ffffff;\" href=\"http:\/\/www.zac-tranz.com\/warehouse\/?lang=fr\">PARC D\u2019ENTREPOSAGE ET STOCKAGE<\/a><\/p>\n<p>[\/vc_column_text][\/vc_column_inner][vc_column_inner width=&#8221;1\/3&#8243;]<div class=\"et-image-content et-image-content-alt\"><a href=\"http:\/\/www.zac-tranz.com\/destuffing\/?lang=fr\" target=\"_self\"><div class=\"image post-image\"><div class=\"image-container\"><img width=\"1200\" height=\"640\" src=\"https:\/\/omchosting.com\/dev\/zactranz-old\/wp-content\/uploads\/2020\/12\/20170810_144253-1200x640.jpg\" alt=\"\"><\/div><div class=\"post-image-overlay\" style=\"\"><div class=\"post-image-overlay-content text-align-center\"><\/div><\/div><\/div><\/a><\/div>[vc_column_text css=&#8221;.vc_custom_1616058218315{padding-top: 12px !important;padding-bottom: 12px !important;background-color: #ff801d !important;}&#8221;]<\/p>\n<p style=\"color: #ffffff; text-align: center;\"><a style=\"color: #ffffff;\" href=\"http:\/\/www.zac-tranz.com\/destuffing\/?lang=fr\">D\u00c9POTAGE ET CONTENEURS<\/a><\/p>\n<p>[\/vc_column_text][\/vc_column_inner][vc_column_inner width=&#8221;1\/3&#8243;]<div class=\"et-image-content et-image-content-alt\"><a href=\"http:\/\/www.zac-tranz.com\/fleet-management-safety\/?lang=fr\" target=\"_self\"><div class=\"image post-image\"><div class=\"image-container\"><img width=\"1200\" height=\"640\" src=\"https:\/\/omchosting.com\/dev\/zactranz-old\/wp-content\/uploads\/2020\/12\/equipment_truck-1200x640.jpg\" alt=\"\"><\/div><div class=\"post-image-overlay\" style=\"\"><div class=\"post-image-overlay-content text-align-center\"><\/div><\/div><\/div><\/a><\/div>[vc_column_text css=&#8221;.vc_custom_1616058237534{padding-top: 12px !important;padding-bottom: 12px !important;background-color: #ff801d !important;}&#8221;]<\/p>\n<p style=\"color: #ffffff; text-align: center;\"><a style=\"color: #ffffff;\" href=\"http:\/\/www.zac-tranz.com\/fleet-management-safety\/?lang=fr\">GESTION ET S\u00c9CURIT\u00c9 DE LA FLOTTE<\/a><\/p>\n<p>[\/vc_column_text][\/vc_column_inner][\/vc_row_inner][\/vc_column][\/vc_row][vc_row full_width=&#8221;stretch_row_content&#8221; gap=&#8221;0&#8243; css=&#8221;.vc_custom_1606808844991{padding-top: 1% !important;padding-right: 3% !important;padding-bottom: 1.7% !important;padding-left: 3% !important;background-color: #000000 !important;}&#8221; el_class=&#8221;quoteformsection&#8221;][vc_column][vc_custom_heading text=&#8221;Zac-Tranz offre un service inspir\u00e9 par la s\u00e9curit\u00e9&#8221; font_container=&#8221;tag:h3|font_size:30px|text_align:center|color:%23ff801d|line_height:56px&#8221; use_theme_fonts=&#8221;yes&#8221; el_class=&#8221;letter-spacing-50 feature-title&#8221; css=&#8221;.vc_custom_1615375372704{margin-bottom: -20px !important;}&#8221;][vc_custom_heading text=&#8221;Int\u00e9ress\u00e9 d\u2019obtenir un devis ?&#8221; font_container=&#8221;tag:h3|font_size:30px|text_align:center|color:%23ffffff|line_height:56px&#8221; use_theme_fonts=&#8221;yes&#8221; el_class=&#8221;letter-spacing-50 feature-title&#8221; css=&#8221;.vc_custom_1615375382662{margin-bottom: 0px !important;}&#8221;]<div class=\"gap et-clearfix \" style=\"height:10px\"><\/div>[vc_column_text el_class=&#8221;feature-text-left&#8221; css=&#8221;.vc_custom_1615375402277{margin-bottom: -15px !important;}&#8221;]<\/p>\n<p style=\"font-weight: 400; text-align: center; color: white;\">Remplissez les informations ci-dessous et nous vous contacterons pendant les heures ouvrables normales avec un devis.<\/p>\n<p>[\/vc_column_text]<div role=\"form\" class=\"wpcf7\" id=\"wpcf7-f15905-o1\" lang=\"en-US\" dir=\"ltr\">\n<div class=\"screen-reader-response\" aria-live=\"polite\"><\/div>\n<form action=\"\/dev\/zactranz-old\/wp-json\/wp\/v2\/pages\/15954#wpcf7-f15905-o1\" method=\"post\" class=\"wpcf7-form\" novalidate=\"novalidate\">\n<div style=\"display: none;\">\n<input type=\"hidden\" name=\"_wpcf7\" value=\"15905\" \/>\n<input type=\"hidden\" name=\"_wpcf7_version\" value=\"5.1.9\" \/>\n<input type=\"hidden\" name=\"_wpcf7_locale\" value=\"en_US\" \/>\n<input type=\"hidden\" name=\"_wpcf7_unit_tag\" value=\"wpcf7-f15905-o1\" \/>\n<input type=\"hidden\" name=\"_wpcf7_container_post\" value=\"0\" \/>\n<\/div>\n<div class=\"inline-row et-clearfix\" style=\"margin:0px;\"><br \/>\n<div class=\"inline-column et-clearfix\" style=\"width:16.66%; padding:0px 5px;\"><br \/>\n<label>Pr\u00e9nom*<br \/>\n<span class=\"wpcf7-form-control-wrap client-fname\"><input type=\"text\" name=\"client-fname\" value=\"\" size=\"40\" class=\"wpcf7-form-control wpcf7-text wpcf7-validates-as-required\" aria-required=\"true\" aria-invalid=\"false\" \/><\/span><\/label><\/div>\n<div class=\"inline-column et-clearfix\" style=\"width:16.66%; padding:0px 5px;\"><br \/>\n<label>Nom de famille*<br \/>\n<span class=\"wpcf7-form-control-wrap client-lname\"><input type=\"text\" name=\"client-lname\" value=\"\" size=\"40\" class=\"wpcf7-form-control wpcf7-text wpcf7-validates-as-required\" aria-required=\"true\" aria-invalid=\"false\" \/><\/span><\/label><\/div>\n<div class=\"inline-column et-clearfix\" style=\"width:16.66%; padding:0px 5px;\"><br \/>\n<label>Nom de la compagnie*<br \/>\n<span class=\"wpcf7-form-control-wrap comapnay-name\"><input type=\"text\" name=\"comapnay-name\" value=\"\" size=\"40\" class=\"wpcf7-form-control wpcf7-text wpcf7-validates-as-required\" aria-required=\"true\" aria-invalid=\"false\" \/><\/span><\/label><\/div>\n<div class=\"inline-column et-clearfix\" style=\"width:16.66%; padding:0px 5px;\"><br \/>\n<label>Courriel*<br \/>\n<span class=\"wpcf7-form-control-wrap client-email\"><input type=\"email\" name=\"client-email\" value=\"\" size=\"40\" class=\"wpcf7-form-control wpcf7-text wpcf7-email wpcf7-validates-as-email\" aria-invalid=\"false\" \/><\/span><\/label><\/div>\n<div class=\"inline-column et-clearfix\" style=\"width:16.66%; padding:0px 5px;\"><br \/>\n<label>T\u00e9l\u00e9phone*<br \/>\n<span class=\"wpcf7-form-control-wrap tel-226\"><input type=\"tel\" name=\"tel-226\" value=\"\" size=\"40\" class=\"wpcf7-form-control wpcf7-text wpcf7-tel wpcf7-validates-as-required wpcf7-validates-as-tel\" aria-required=\"true\" aria-invalid=\"false\" \/><\/span><\/label><\/div>\n<div class=\"inline-column et-clearfix\" style=\"width:16.66%; padding:0px 5px;\"><br \/>\n<label>Code postal \/ ZIP<br \/>\n<span class=\"wpcf7-form-control-wrap client-postalcodep\"><input type=\"text\" name=\"client-postalcodep\" value=\"\" size=\"40\" class=\"wpcf7-form-control wpcf7-text\" aria-invalid=\"false\" \/><\/span><\/label><\/div>\n<div class=\"inline-column et-clearfix\" style=\"width:16.66%; padding:0px 5px;\"><br \/>\n<label>Services s\u00e9lectionn\u00e9s<br \/>\n<span class=\"wpcf7-form-control-wrap servjices-requested\"><select name=\"servjices-requested\" class=\"wpcf7-form-control wpcf7-select\" aria-invalid=\"false\"><option value=\"factage et transbordement\">factage et transbordement<\/option><option value=\"Intermodal\">Intermodal<\/option><option value=\"Autoroute\">Autoroute<\/option><option value=\"Transfrontalier\">Transfrontalier<\/option><option value=\"Entreposage et distribution\">Entreposage et distribution<\/option><option value=\"Logistique mondiale\">Logistique mondiale<\/option><\/select><\/span><\/label><\/div>\n<div class=\"inline-column et-clearfix\" style=\"width:83.34%; padding:0px 5px;\"><br \/>\n<label>Laissez-nous un message<br \/>\n<span class=\"wpcf7-form-control-wrap text-494\"><input type=\"text\" name=\"text-494\" value=\"\" size=\"40\" class=\"wpcf7-form-control wpcf7-text\" aria-invalid=\"false\" \/><\/span><\/label><\/div>\n<div class=\"inline-column et-clearfix\" style=\"width:100%; padding:0px;\"><center><input type=\"submit\" value=\"Envoyer\" class=\"wpcf7-form-control wpcf7-submit\" \/><\/center><\/div><\/div>\n<div class=\"wpcf7-response-output wpcf7-display-none\" aria-hidden=\"true\"><\/div><\/form><\/div>[\/vc_column][\/vc_row]<\/p>\n","protected":false},"excerpt":{"rendered":"<p>Leverage agile frameworks to provide a robust synopsis for high level overviews. Iterative approaches to corporate strategy foster collaborative thinking to further the overall value proposition. Organically grow the holistic world view of disruptive innovation via workplace diversity and empowerment.<\/p>\n","protected":false},"author":1,"featured_media":0,"parent":0,"menu_order":0,"comment_status":"closed","ping_status":"closed","template":"page-vc.php","meta":{"inline_featured_image":false},"_links":{"self":[{"href":"https:\/\/omchosting.com\/dev\/zactranz-old\/wp-json\/wp\/v2\/pages\/15954"}],"collection":[{"href":"https:\/\/omchosting.com\/dev\/zactranz-old\/wp-json\/wp\/v2\/pages"}],"about":[{"href":"https:\/\/omchosting.com\/dev\/zactranz-old\/wp-json\/wp\/v2\/types\/page"}],"author":[{"embeddable":true,"href":"https:\/\/omchosting.com\/dev\/zactranz-old\/wp-json\/wp\/v2\/users\/1"}],"replies":[{"embeddable":true,"href":"https:\/\/omchosting.com\/dev\/zactranz-old\/wp-json\/wp\/v2\/comments?post=15954"}],"version-history":[{"count":7,"href":"https:\/\/omchosting.com\/dev\/zactranz-old\/wp-json\/wp\/v2\/pages\/15954\/revisions"}],"predecessor-version":[{"id":16458,"href":"https:\/\/omchosting.com\/dev\/zactranz-old\/wp-json\/wp\/v2\/pages\/15954\/revisions\/16458"}],"wp:attachment":[{"href":"https:\/\/omchosting.com\/dev\/zactranz-old\/wp-json\/wp\/v2\/media?parent=15954"}],"curies":[{"name":"wp","href":"https:\/\/api.w.org\/{rel}","templated":true}]}}